{"id":1414,"date":"2024-01-25T18:35:01","date_gmt":"2024-01-25T18:35:01","guid":{"rendered":"https:\/\/envasesfarmaceuticos.com\/?page_id=1414"},"modified":"2024-04-22T12:39:25","modified_gmt":"2024-04-22T10:39:25","slug":"airless-2","status":"publish","type":"page","link":"https:\/\/envasesfarmaceuticos.com\/es\/airless-2\/","title":{"rendered":"Airless"},"content":{"rendered":"<style>.elementor-1414 .elementor-element.elementor-element-e3d46e9 > .elementor-container{max-width:1150px;}.elementor-1414 .elementor-element.elementor-element-e3d46e9:not(.elementor-motion-effects-element-type-background), .elementor-1414 .elementor-element.elementor-element-e3d46e9 > .elementor-motion-effects-container > .elementor-motion-effects-layer{background-image:url(\"https:\/\/envasesfarmaceuticos.com\/wp-content\/uploads\/2023\/10\/airless-2.jpg\");background-position:0px 35%;background-repeat:no-repeat;background-size:cover;}.elementor-1414 .elementor-element.elementor-element-e3d46e9 > .elementor-background-overlay{background-color:transparent;background-image:linear-gradient(340deg, #03419599 0%, #3EC3E1C4 90%);opacity:0.95;transition:background 0.3s, border-radius 0.3s, opacity 0.3s;}.elementor-1414 .elementor-element.elementor-element-e3d46e9{transition:background 0.3s, border 0.3s, border-radius 0.3s, box-shadow 0.3s;margin-top:-45px;margin-bottom:0px;padding:70px 0px 40px 0px;}.elementor-1414 .elementor-element.elementor-element-9d94c8a{text-align:center;}.elementor-1414 .elementor-element.elementor-element-9d94c8a .elementor-heading-title{font-family:var( --e-global-typography-cc874f1-font-family ), Sans-serif;font-size:var( --e-global-typography-cc874f1-font-size );font-weight:var( --e-global-typography-cc874f1-font-weight );line-height:var( --e-global-typography-cc874f1-line-height );letter-spacing:var( --e-global-typography-cc874f1-letter-spacing );word-spacing:var( --e-global-typography-cc874f1-word-spacing );color:var( --e-global-color-3364412 );}.elementor-1414 .elementor-element.elementor-element-1f0683e > .elementor-container{max-width:1300px;}.elementor-1414 .elementor-element.elementor-element-1f0683e > .elementor-container > .elementor-column > .elementor-widget-wrap{align-content:center;align-items:center;}.elementor-1414 .elementor-element.elementor-element-1f0683e{padding:100px 0px 100px 0px;}.elementor-bc-flex-widget .elementor-1414 .elementor-element.elementor-element-864e7d1.elementor-column .elementor-widget-wrap{align-items:center;}.elementor-1414 .elementor-element.elementor-element-864e7d1.elementor-column.elementor-element[data-element_type=\"column\"] > .elementor-widget-wrap.elementor-element-populated{align-content:center;align-items:center;}.elementor-1414 .elementor-element.elementor-element-864e7d1 > .elementor-element-populated{margin:0px 30px 0px 0px;--e-column-margin-right:30px;--e-column-margin-left:0px;}.elementor-1414 .elementor-element.elementor-element-e3da1f7{width:var( --container-widget-width, 100.002% );max-width:100.002%;--container-widget-width:100.002%;--container-widget-flex-grow:0;}.elementor-1414 .elementor-element.elementor-element-e3da1f7.elementor-element{--flex-grow:0;--flex-shrink:0;}.elementor-1414 .elementor-element.elementor-element-1ab21dd{margin-top:20px;margin-bottom:0px;}.elementor-bc-flex-widget .elementor-1414 .elementor-element.elementor-element-d787e5e.elementor-column .elementor-widget-wrap{align-items:center;}.elementor-1414 .elementor-element.elementor-element-d787e5e.elementor-column.elementor-element[data-element_type=\"column\"] > .elementor-widget-wrap.elementor-element-populated{align-content:center;align-items:center;}.elementor-1414 .elementor-element.elementor-element-d787e5e > .elementor-element-populated{margin:0px 0px 0px 0px;--e-column-margin-right:0px;--e-column-margin-left:0px;}.elementor-1414 .elementor-element.elementor-element-fe62f19 .jeg-elementor-kit.jkit-animated-text{text-align:left;}.elementor-1414 .elementor-element.elementor-element-fe62f19 .jeg-elementor-kit.jkit-animated-text .animated-text .normal-text{font-family:\"Hind Siliguri\", Sans-serif;font-size:35px;font-weight:600;line-height:1.15em;}.elementor-1414 .elementor-element.elementor-element-fe62f19 .jeg-elementor-kit.jkit-animated-text .animated-text .normal-text.style-color{color:var( --e-global-color-primary );}.elementor-1414 .elementor-element.elementor-element-fe62f19 .jeg-elementor-kit.jkit-animated-text .animated-text .dynamic-text{font-family:var( --e-global-typography-secondary-font-family ), Sans-serif;font-size:var( --e-global-typography-secondary-font-size );font-weight:var( --e-global-typography-secondary-font-weight );line-height:var( --e-global-typography-secondary-line-height );}.elementor-1414 .elementor-element.elementor-element-fe62f19 .jeg-elementor-kit.jkit-animated-text .animated-text .dynamic-wrapper.style-gradient:not(.typing-delete) .dynamic-text, .elementor-1414 .elementor-element.elementor-element-fe62f19 .jeg-elementor-kit.jkit-animated-text .animated-text .dynamic-wrapper.style-gradient:not(.typing-delete) .dynamic-text .dynamic-text-letter{background-color:transparent;background-image:linear-gradient(340deg, var( --e-global-color-accent ) 0%, var( --e-global-color-secondary ) 100%);}.elementor-1414 .elementor-element.elementor-element-fe62f19 > .elementor-widget-container{margin:0px 0px -10px 0px;}.elementor-1414 .elementor-element.elementor-element-9f0e64b{text-align:justify;font-family:var( --e-global-typography-text-font-family ), Sans-serif;font-size:var( --e-global-typography-text-font-size );font-weight:var( --e-global-typography-text-font-weight );color:var( --e-global-color-text );}.elementor-1414 .elementor-element.elementor-element-948e283 .jeg-elementor-kit.jkit-button{text-align:left;}.elementor-1414 .elementor-element.elementor-element-948e283 .jeg-elementor-kit.jkit-button .jkit-button-wrapper{width:100%;padding:15px 35px 15px 35px;font-family:var( --e-global-typography-8be053e-font-family ), Sans-serif;font-size:var( --e-global-typography-8be053e-font-size );font-weight:var( --e-global-typography-8be053e-font-weight );line-height:var( --e-global-typography-8be053e-line-height );letter-spacing:var( --e-global-typography-8be053e-letter-spacing );word-spacing:var( --e-global-typography-8be053e-word-spacing );color:var( --e-global-color-3364412 );background-color:transparent;background-image:linear-gradient(340deg, var( --e-global-color-accent ) 30%, var( --e-global-color-secondary ) 100%);border-radius:50px 50px 50px 50px;}.elementor-1414 .elementor-element.elementor-element-948e283 .jeg-elementor-kit.jkit-button .jkit-button-wrapper svg{fill:var( --e-global-color-3364412 );width:15px;}.elementor-1414 .elementor-element.elementor-element-948e283 .jeg-elementor-kit.jkit-button .jkit-button-wrapper:hover{color:var( --e-global-color-3364412 );}.elementor-1414 .elementor-element.elementor-element-948e283 .jeg-elementor-kit.jkit-button .jkit-button-wrapper:hover svg{fill:var( --e-global-color-3364412 );}.elementor-1414 .elementor-element.elementor-element-948e283 .jeg-elementor-kit.jkit-button .jkit-button-wrapper:not(.hover-gradient):hover, .elementor-1414 .elementor-element.elementor-element-948e283 .jeg-elementor-kit.jkit-button .jkit-button-wrapper.hover-gradient:before{background-color:transparent;background-image:linear-gradient(340deg, var( --e-global-color-accent ) 0%, var( --e-global-color-secondary ) 100%);}.elementor-1414 .elementor-element.elementor-element-948e283 .jeg-elementor-kit.jkit-button .jkit-button-wrapper i{font-size:15px;}.elementor-1414 .elementor-element.elementor-element-948e283 .jeg-elementor-kit.jkit-button.icon-position-before .jkit-button-wrapper i, .elementor-1414 .elementor-element.elementor-element-948e283 .jeg-elementor-kit.jkit-button.icon-position-before .jkit-button-wrapper svg{margin-right:10px;}.elementor-1414 .elementor-element.elementor-element-948e283 .jeg-elementor-kit.jkit-button.icon-position-after .jkit-button-wrapper i, .elementor-1414 .elementor-element.elementor-element-948e283 .jeg-elementor-kit.jkit-button.icon-position-after .jkit-button-wrapper svg{margin-left:10px;}.elementor-1414 .elementor-element.elementor-element-948e283 .jeg-elementor-kit.jkit-button .jkit-button-wrapper i, .elementor-1414 .elementor-element.elementor-element-948e283 .jeg-elementor-kit.jkit-button .jkit-button-wrapper svg{-webkit-transform:translateY(-2px);-ms-transform:translateY(-2px);-o-transform:translateY(-2px);-moz-transform:translateY(-2px);transform:translateY(-2px);}.elementor-1414 .elementor-element.elementor-element-948e283{width:auto;max-width:auto;}@media(max-width:1024px) and (min-width:768px){.elementor-1414 .elementor-element.elementor-element-864e7d1{width:50%;}.elementor-1414 .elementor-element.elementor-element-d787e5e{width:100%;}}@media(max-width:1024px){.elementor-1414 .elementor-element.elementor-element-e3d46e9:not(.elementor-motion-effects-element-type-background), .elementor-1414 .elementor-element.elementor-element-e3d46e9 > .elementor-motion-effects-container > .elementor-motion-effects-layer{background-position:0px 0px;}.elementor-1414 .elementor-element.elementor-element-e3d46e9{padding:150px 10px 100px 10px;}.elementor-1414 .elementor-element.elementor-element-9d94c8a .elementor-heading-title{font-size:var( --e-global-typography-cc874f1-font-size );line-height:var( --e-global-typography-cc874f1-line-height );letter-spacing:var( --e-global-typography-cc874f1-letter-spacing );word-spacing:var( --e-global-typography-cc874f1-word-spacing );}.elementor-1414 .elementor-element.elementor-element-1f0683e{padding:80px 10px 80px 10px;}.elementor-1414 .elementor-element.elementor-element-864e7d1 > .elementor-element-populated{margin:0px 0px 0px 0px;--e-column-margin-right:0px;--e-column-margin-left:0px;}.elementor-1414 .elementor-element.elementor-element-d787e5e > .elementor-element-populated{margin:0px 0px 40px 0px;--e-column-margin-right:0px;--e-column-margin-left:0px;}.elementor-1414 .elementor-element.elementor-element-fe62f19 .jeg-elementor-kit.jkit-animated-text .animated-text .normal-text{font-size:32px;}.elementor-1414 .elementor-element.elementor-element-fe62f19 .jeg-elementor-kit.jkit-animated-text .animated-text .dynamic-text{font-size:var( --e-global-typography-secondary-font-size );line-height:var( --e-global-typography-secondary-line-height );}.elementor-1414 .elementor-element.elementor-element-9f0e64b{font-size:var( --e-global-typography-text-font-size );}.elementor-1414 .elementor-element.elementor-element-948e283 .jeg-elementor-kit.jkit-button .jkit-button-wrapper{font-size:var( --e-global-typography-8be053e-font-size );line-height:var( --e-global-typography-8be053e-line-height );letter-spacing:var( --e-global-typography-8be053e-letter-spacing );word-spacing:var( --e-global-typography-8be053e-word-spacing );}}@media(max-width:767px){.elementor-1414 .elementor-element.elementor-element-e3d46e9:not(.elementor-motion-effects-element-type-background), .elementor-1414 .elementor-element.elementor-element-e3d46e9 > .elementor-motion-effects-container > .elementor-motion-effects-layer{background-position:0px 0px;}.elementor-1414 .elementor-element.elementor-element-e3d46e9{padding:40px 5px 40px 5px;}.elementor-1414 .elementor-element.elementor-element-2857dba{width:100%;}.elementor-1414 .elementor-element.elementor-element-9d94c8a{text-align:center;}.elementor-1414 .elementor-element.elementor-element-9d94c8a .elementor-heading-title{font-size:var( --e-global-typography-cc874f1-font-size );line-height:var( --e-global-typography-cc874f1-line-height );letter-spacing:var( --e-global-typography-cc874f1-letter-spacing );word-spacing:var( --e-global-typography-cc874f1-word-spacing );}.elementor-1414 .elementor-element.elementor-element-1f0683e{padding:50px 5px 50px 5px;}.elementor-1414 .elementor-element.elementor-element-d787e5e > .elementor-element-populated{margin:0px 0px 30px 0px;--e-column-margin-right:0px;--e-column-margin-left:0px;}.elementor-1414 .elementor-element.elementor-element-fe62f19 .jeg-elementor-kit.jkit-animated-text .animated-text .normal-text{font-size:30px;}.elementor-1414 .elementor-element.elementor-element-fe62f19 .jeg-elementor-kit.jkit-animated-text .animated-text .dynamic-text{font-size:var( --e-global-typography-secondary-font-size );line-height:var( --e-global-typography-secondary-line-height );}.elementor-1414 .elementor-element.elementor-element-9f0e64b{font-size:var( --e-global-typography-text-font-size );}.elementor-1414 .elementor-element.elementor-element-948e283 .jeg-elementor-kit.jkit-button .jkit-button-wrapper{font-size:var( --e-global-typography-8be053e-font-size );line-height:var( --e-global-typography-8be053e-line-height );letter-spacing:var( --e-global-typography-8be053e-letter-spacing );word-spacing:var( --e-global-typography-8be053e-word-spacing );}}<\/style>\t\t<div data-elementor-type=\"wp-page\" data-elementor-id=\"1414\" class=\"elementor elementor-1414\" data-elementor-post-type=\"page\">\n\t\t\t\t\t\t<section class=\"elementor-section elementor-top-section elementor-element elementor-element-e3d46e9 elementor-section-boxed elementor-section-height-default elementor-section-height-default\" data-id=\"e3d46e9\" data-element_type=\"section\" data-e-type=\"section\" data-settings=\"{&quot;background_background&quot;:&quot;classic&quot;}\">\n\t\t\t\t\t\t\t<div class=\"elementor-background-overlay\"><\/div>\n\t\t\t\t\t\t\t<div class=\"elementor-container elementor-column-gap-default\">\n\t\t\t\t\t<div class=\"elementor-column elementor-col-100 elementor-top-column elementor-element elementor-element-2857dba\" data-id=\"2857dba\" data-element_type=\"column\" data-e-type=\"column\">\n\t\t\t<div class=\"elementor-widget-wrap elementor-element-populated\">\n\t\t\t\t\t\t<div class=\"elementor-element elementor-element-9d94c8a elementor-widget elementor-widget-heading\" data-id=\"9d94c8a\" data-element_type=\"widget\" data-e-type=\"widget\" data-widget_type=\"heading.default\">\n\t\t\t\t<div class=\"elementor-widget-container\">\n\t\t\t\t\t<h2 class=\"elementor-heading-title elementor-size-default\">Airless<\/h2>\t\t\t\t<\/div>\n\t\t\t\t<\/div>\n\t\t\t\t\t<\/div>\n\t\t<\/div>\n\t\t\t\t\t<\/div>\n\t\t<\/section>\n\t\t\t\t<section class=\"elementor-section elementor-top-section elementor-element elementor-element-1f0683e elementor-section-content-middle elementor-section-boxed elementor-section-height-default elementor-section-height-default\" data-id=\"1f0683e\" data-element_type=\"section\" data-e-type=\"section\">\n\t\t\t\t\t\t<div class=\"elementor-container elementor-column-gap-default\">\n\t\t\t\t\t<div class=\"elementor-column elementor-col-50 elementor-top-column elementor-element elementor-element-864e7d1\" data-id=\"864e7d1\" data-element_type=\"column\" data-e-type=\"column\">\n\t\t\t<div class=\"elementor-widget-wrap elementor-element-populated\">\n\t\t\t\t\t\t<div class=\"elementor-element elementor-element-e3da1f7 elementor-widget__width-initial elementor-widget elementor-widget-image\" data-id=\"e3da1f7\" data-element_type=\"widget\" data-e-type=\"widget\" data-widget_type=\"image.default\">\n\t\t\t\t<div class=\"elementor-widget-container\">\n\t\t\t\t\t\t\t\t\t\t\t\t\t\t\t<img decoding=\"async\" src=\"https:\/\/envasesfarmaceuticos.com\/wp-content\/uploads\/elementor\/thumbs\/Airless-qlhjusuaq7qzonkm75r017mh64l1uhjp19g8skw760.jpg\" title=\"Airless\" alt=\"Airless\" loading=\"lazy\" \/>\t\t\t\t\t\t\t\t\t\t\t\t\t\t\t<\/div>\n\t\t\t\t<\/div>\n\t\t\t\t<section class=\"elementor-section elementor-inner-section elementor-element elementor-element-1ab21dd elementor-section-boxed elementor-section-height-default elementor-section-height-default\" data-id=\"1ab21dd\" data-element_type=\"section\" data-e-type=\"section\">\n\t\t\t\t\t\t<div class=\"elementor-container elementor-column-gap-default\">\n\t\t\t\t\t<div class=\"elementor-column elementor-col-100 elementor-inner-column elementor-element elementor-element-1131fbd\" data-id=\"1131fbd\" data-element_type=\"column\" data-e-type=\"column\">\n\t\t\t<div class=\"elementor-widget-wrap\">\n\t\t\t\t\t\t\t<\/div>\n\t\t<\/div>\n\t\t\t\t\t<\/div>\n\t\t<\/section>\n\t\t\t\t\t<\/div>\n\t\t<\/div>\n\t\t\t\t<div class=\"elementor-column elementor-col-50 elementor-top-column elementor-element elementor-element-d787e5e\" data-id=\"d787e5e\" data-element_type=\"column\" data-e-type=\"column\">\n\t\t\t<div class=\"elementor-widget-wrap elementor-element-populated\">\n\t\t\t\t\t\t<div class=\"elementor-element elementor-element-fe62f19 elementor-invisible elementor-widget elementor-widget-jkit_animated_text\" data-id=\"fe62f19\" data-element_type=\"widget\" data-e-type=\"widget\" data-settings=\"{&quot;_animation&quot;:&quot;fadeInUp&quot;}\" data-widget_type=\"jkit_animated_text.default\">\n\t\t\t\t<div class=\"elementor-widget-container\">\n\t\t\t\t\t<div  class=\"jeg-elementor-kit jkit-animated-text jeg_module___69ec8d1bd8b96\"  data-style=\"none\"><p class=\"animated-text\"><span class=\"normal-text style-color\">Contacta&#039;ns per descobrir m\u00e9s<\/span><span class=\"dynamic-wrapper style-gradient\"><span class=\"dynamic-text\"><\/span><\/span><span class=\"normal-text style-color\"><\/span><\/p><\/div>\t\t\t\t<\/div>\n\t\t\t\t<\/div>\n\t\t\t\t<div class=\"elementor-element elementor-element-9f0e64b elementor-widget elementor-widget-text-editor\" data-id=\"9f0e64b\" data-element_type=\"widget\" data-e-type=\"widget\" data-widget_type=\"text-editor.default\">\n\t\t\t\t<div class=\"elementor-widget-container\">\n\t\t\t\t\t\t\t\t\t<p>Els envasos Airless representen un salt significatiu a la ind\u00fastria del packaging, oferint una protecci\u00f3 molt superior a un env\u00e0s convencional i disminuint l&#8217;oxidaci\u00f3 del producte, per aix\u00ed allargar la vida \u00fatil del producte. Ens proporciona una dosificaci\u00f3 en 360 \u00ba per a la comoditat dels usuaris.<\/p><p>Disposem d&#8217;airless tant de pist\u00f3 com de bossa en estoc per a lliuraments immediats. Entreguem comandes d&#8217;airless a partir d&#8217;una caixa en un termini de lliurament de 24\/48h a qualsevol lloc de la pen\u00ednsula.<\/p><p>Mensualment incorporem noves refer\u00e8ncies en estoc tenint en compte les necessitats dels nostres clients. Per aquest motiu, t&#8217;animem a consultar-nos si no trobes l&#8217;airless que buscaves.<\/p>\t\t\t\t\t\t\t\t<\/div>\n\t\t\t\t<\/div>\n\t\t\t\t<div class=\"elementor-element elementor-element-948e283 elementor-widget__width-auto elementor-widget elementor-widget-jkit_button\" data-id=\"948e283\" data-element_type=\"widget\" data-e-type=\"widget\" data-widget_type=\"jkit_button.default\">\n\t\t\t\t<div class=\"elementor-widget-container\">\n\t\t\t\t\t<div  class=\"jeg-elementor-kit jkit-button  icon-position-before jeg_module__1_69ec8d1bdb920\" ><a href=\"https:\/\/envasesfarmaceuticos.com\/es\/contacto\/\" class=\"jkit-button-wrapper hover-gradient\"><span>Contacte<\/span><\/a><\/div>\t\t\t\t<\/div>\n\t\t\t\t<\/div>\n\t\t\t\t\t<\/div>\n\t\t<\/div>\n\t\t\t\t\t<\/div>\n\t\t<\/section>\n\t\t\t\t<\/div>\n\t\t","protected":false},"excerpt":{"rendered":"<p>Airless Cont\u00e1ctanos para descubrir m\u00e1s Los envases Airless representan un salto significativo en la industria del packaging, ofreciendo una protecci\u00f3n muy superior a un envase convencional y disminuyendo la oxidaci\u00f3n del producto, para as\u00ed alargar la vida \u00fatil del producto. Nos proporciona una dosificaci\u00f3n en 360\u00ba para la comodidad de los usuarios. Disponemos de airless tanto\u2026&nbsp;<a href=\"https:\/\/envasesfarmaceuticos.com\/es\/airless-2\/\" rel=\"bookmark\"><span class=\"screen-reader-text\">Airless<\/span><\/a><\/p>","protected":false},"author":1,"featured_media":0,"parent":0,"menu_order":4,"comment_status":"closed","ping_status":"closed","template":"page-templates\/template-pagebuilder-full-width.php","meta":{"om_disable_all_campaigns":false,"_monsterinsights_skip_tracking":false,"_monsterinsights_sitenote_active":false,"_monsterinsights_sitenote_note":"","_monsterinsights_sitenote_category":0,"_uf_show_specific_survey":0,"_uf_disable_surveys":false,"neve_meta_sidebar":"","neve_meta_container":"","neve_meta_enable_content_width":"off","neve_meta_content_width":100,"neve_meta_title_alignment":"","neve_meta_author_avatar":"","neve_post_elements_order":"","neve_meta_disable_header":"","neve_meta_disable_footer":"","neve_meta_disable_title":"","footnotes":""},"class_list":["post-1414","page","type-page","status-publish","hentry"],"acf":[],"aioseo_notices":[],"_links":{"self":[{"href":"https:\/\/envasesfarmaceuticos.com\/es\/wp-json\/wp\/v2\/pages\/1414","targetHints":{"allow":["GET"]}}],"collection":[{"href":"https:\/\/envasesfarmaceuticos.com\/es\/wp-json\/wp\/v2\/pages"}],"about":[{"href":"https:\/\/envasesfarmaceuticos.com\/es\/wp-json\/wp\/v2\/types\/page"}],"author":[{"embeddable":true,"href":"https:\/\/envasesfarmaceuticos.com\/es\/wp-json\/wp\/v2\/users\/1"}],"replies":[{"embeddable":true,"href":"https:\/\/envasesfarmaceuticos.com\/es\/wp-json\/wp\/v2\/comments?post=1414"}],"version-history":[{"count":31,"href":"https:\/\/envasesfarmaceuticos.com\/es\/wp-json\/wp\/v2\/pages\/1414\/revisions"}],"predecessor-version":[{"id":2573,"href":"https:\/\/envasesfarmaceuticos.com\/es\/wp-json\/wp\/v2\/pages\/1414\/revisions\/2573"}],"wp:attachment":[{"href":"https:\/\/envasesfarmaceuticos.com\/es\/wp-json\/wp\/v2\/media?parent=1414"}],"curies":[{"name":"wp","href":"https:\/\/api.w.org\/{rel}","templated":true}]}}