{"id":2279,"date":"2024-04-08T13:19:21","date_gmt":"2024-04-08T11:19:21","guid":{"rendered":"https:\/\/envasesfarmaceuticos.com\/?page_id=2279"},"modified":"2024-05-06T09:54:18","modified_gmt":"2024-05-06T07:54:18","slug":"tarros","status":"publish","type":"page","link":"https:\/\/envasesfarmaceuticos.com\/es\/tarros\/","title":{"rendered":"Tarros"},"content":{"rendered":"<style>.elementor-2279 .elementor-element.elementor-element-2e482f2 > .elementor-container{max-width:1150px;}.elementor-2279 .elementor-element.elementor-element-2e482f2:not(.elementor-motion-effects-element-type-background), .elementor-2279 .elementor-element.elementor-element-2e482f2 > .elementor-motion-effects-container > .elementor-motion-effects-layer{background-image:url(\"https:\/\/envasesfarmaceuticos.com\/wp-content\/uploads\/2023\/10\/bombas-2.jpg\");background-position:0px 71%;background-repeat:no-repeat;background-size:cover;}.elementor-2279 .elementor-element.elementor-element-2e482f2 > .elementor-background-overlay{background-color:transparent;background-image:linear-gradient(340deg, #03419599 0%, #3EC3E1C4 90%);opacity:0.95;transition:background 0.3s, border-radius 0.3s, opacity 0.3s;}.elementor-2279 .elementor-element.elementor-element-2e482f2{transition:background 0.3s, border 0.3s, border-radius 0.3s, box-shadow 0.3s;margin-top:-45px;margin-bottom:0px;padding:70px 0px 40px 0px;}.elementor-2279 .elementor-element.elementor-element-38d3cf1{text-align:center;}.elementor-2279 .elementor-element.elementor-element-38d3cf1 .elementor-heading-title{font-family:var( --e-global-typography-cc874f1-font-family ), Sans-serif;font-size:var( --e-global-typography-cc874f1-font-size );font-weight:var( --e-global-typography-cc874f1-font-weight );line-height:var( --e-global-typography-cc874f1-line-height );letter-spacing:var( --e-global-typography-cc874f1-letter-spacing );word-spacing:var( --e-global-typography-cc874f1-word-spacing );color:var( --e-global-color-3364412 );}.elementor-2279 .elementor-element.elementor-element-3dd7bb3 > .elementor-container{max-width:1150px;}.elementor-2279 .elementor-element.elementor-element-3dd7bb3 > .elementor-container > .elementor-column > .elementor-widget-wrap{align-content:center;align-items:center;}.elementor-2279 .elementor-element.elementor-element-3dd7bb3{padding:100px 0px 100px 0px;}.elementor-bc-flex-widget .elementor-2279 .elementor-element.elementor-element-c40e4d9.elementor-column .elementor-widget-wrap{align-items:center;}.elementor-2279 .elementor-element.elementor-element-c40e4d9.elementor-column.elementor-element[data-element_type=\"column\"] > .elementor-widget-wrap.elementor-element-populated{align-content:center;align-items:center;}.elementor-2279 .elementor-element.elementor-element-c40e4d9 > .elementor-element-populated{margin:0px 0px 0px 0px;--e-column-margin-right:0px;--e-column-margin-left:0px;}.elementor-2279 .elementor-element.elementor-element-d079f85 .jeg-elementor-kit.jkit-animated-text{text-align:left;}.elementor-2279 .elementor-element.elementor-element-d079f85 .jeg-elementor-kit.jkit-animated-text .animated-text .normal-text{font-family:\"Hind Siliguri\", Sans-serif;font-size:35px;font-weight:600;line-height:1.15em;}.elementor-2279 .elementor-element.elementor-element-d079f85 .jeg-elementor-kit.jkit-animated-text .animated-text .normal-text.style-color{color:var( --e-global-color-primary );}.elementor-2279 .elementor-element.elementor-element-d079f85 .jeg-elementor-kit.jkit-animated-text .animated-text .dynamic-text{font-family:var( --e-global-typography-secondary-font-family ), Sans-serif;font-size:var( --e-global-typography-secondary-font-size );font-weight:var( --e-global-typography-secondary-font-weight );line-height:var( --e-global-typography-secondary-line-height );}.elementor-2279 .elementor-element.elementor-element-d079f85 .jeg-elementor-kit.jkit-animated-text .animated-text .dynamic-wrapper.style-gradient:not(.typing-delete) .dynamic-text, .elementor-2279 .elementor-element.elementor-element-d079f85 .jeg-elementor-kit.jkit-animated-text .animated-text .dynamic-wrapper.style-gradient:not(.typing-delete) .dynamic-text .dynamic-text-letter{background-color:transparent;background-image:linear-gradient(340deg, var( --e-global-color-accent ) 0%, var( --e-global-color-secondary ) 100%);}.elementor-2279 .elementor-element.elementor-element-d079f85 > .elementor-widget-container{margin:0px 0px -10px 0px;}.elementor-2279 .elementor-element.elementor-element-bc02855{text-align:justify;font-family:var( --e-global-typography-text-font-family ), Sans-serif;font-size:var( --e-global-typography-text-font-size );font-weight:var( --e-global-typography-text-font-weight );color:var( --e-global-color-text );}.elementor-2279 .elementor-element.elementor-element-cb95974 .jeg-elementor-kit.jkit-button{text-align:left;}.elementor-2279 .elementor-element.elementor-element-cb95974 .jeg-elementor-kit.jkit-button .jkit-button-wrapper{width:100%;padding:15px 35px 15px 35px;font-family:var( --e-global-typography-8be053e-font-family ), Sans-serif;font-size:var( --e-global-typography-8be053e-font-size );font-weight:var( --e-global-typography-8be053e-font-weight );line-height:var( --e-global-typography-8be053e-line-height );letter-spacing:var( --e-global-typography-8be053e-letter-spacing );word-spacing:var( --e-global-typography-8be053e-word-spacing );color:var( --e-global-color-3364412 );background-color:transparent;background-image:linear-gradient(340deg, var( --e-global-color-accent ) 30%, var( --e-global-color-secondary ) 100%);border-radius:50px 50px 50px 50px;}.elementor-2279 .elementor-element.elementor-element-cb95974 .jeg-elementor-kit.jkit-button .jkit-button-wrapper svg{fill:var( --e-global-color-3364412 );width:15px;}.elementor-2279 .elementor-element.elementor-element-cb95974 .jeg-elementor-kit.jkit-button .jkit-button-wrapper:hover{color:var( --e-global-color-3364412 );}.elementor-2279 .elementor-element.elementor-element-cb95974 .jeg-elementor-kit.jkit-button .jkit-button-wrapper:hover svg{fill:var( --e-global-color-3364412 );}.elementor-2279 .elementor-element.elementor-element-cb95974 .jeg-elementor-kit.jkit-button .jkit-button-wrapper:not(.hover-gradient):hover, .elementor-2279 .elementor-element.elementor-element-cb95974 .jeg-elementor-kit.jkit-button .jkit-button-wrapper.hover-gradient:before{background-color:transparent;background-image:linear-gradient(340deg, var( --e-global-color-accent ) 0%, var( --e-global-color-secondary ) 100%);}.elementor-2279 .elementor-element.elementor-element-cb95974 .jeg-elementor-kit.jkit-button .jkit-button-wrapper i{font-size:15px;}.elementor-2279 .elementor-element.elementor-element-cb95974 .jeg-elementor-kit.jkit-button.icon-position-before .jkit-button-wrapper i, .elementor-2279 .elementor-element.elementor-element-cb95974 .jeg-elementor-kit.jkit-button.icon-position-before .jkit-button-wrapper svg{margin-right:10px;}.elementor-2279 .elementor-element.elementor-element-cb95974 .jeg-elementor-kit.jkit-button.icon-position-after .jkit-button-wrapper i, .elementor-2279 .elementor-element.elementor-element-cb95974 .jeg-elementor-kit.jkit-button.icon-position-after .jkit-button-wrapper svg{margin-left:10px;}.elementor-2279 .elementor-element.elementor-element-cb95974 .jeg-elementor-kit.jkit-button .jkit-button-wrapper i, .elementor-2279 .elementor-element.elementor-element-cb95974 .jeg-elementor-kit.jkit-button .jkit-button-wrapper svg{-webkit-transform:translateY(-2px);-ms-transform:translateY(-2px);-o-transform:translateY(-2px);-moz-transform:translateY(-2px);transform:translateY(-2px);}.elementor-2279 .elementor-element.elementor-element-cb95974{width:auto;max-width:auto;}.elementor-bc-flex-widget .elementor-2279 .elementor-element.elementor-element-5a99845.elementor-column .elementor-widget-wrap{align-items:flex-start;}.elementor-2279 .elementor-element.elementor-element-5a99845.elementor-column.elementor-element[data-element_type=\"column\"] > .elementor-widget-wrap.elementor-element-populated{align-content:flex-start;align-items:flex-start;}.elementor-2279 .elementor-element.elementor-element-5a99845 > .elementor-element-populated{margin:0px 0px 0px 30px;--e-column-margin-right:0px;--e-column-margin-left:30px;}.elementor-2279 .elementor-element.elementor-element-3be9fa5{margin-top:20px;margin-bottom:0px;}@media(max-width:1024px) and (min-width:768px){.elementor-2279 .elementor-element.elementor-element-c40e4d9{width:100%;}.elementor-2279 .elementor-element.elementor-element-5a99845{width:50%;}}@media(max-width:1024px){.elementor-2279 .elementor-element.elementor-element-2e482f2:not(.elementor-motion-effects-element-type-background), .elementor-2279 .elementor-element.elementor-element-2e482f2 > .elementor-motion-effects-container > .elementor-motion-effects-layer{background-position:0px 0px;}.elementor-2279 .elementor-element.elementor-element-2e482f2{padding:150px 10px 100px 10px;}.elementor-2279 .elementor-element.elementor-element-38d3cf1 .elementor-heading-title{font-size:var( --e-global-typography-cc874f1-font-size );line-height:var( --e-global-typography-cc874f1-line-height );letter-spacing:var( --e-global-typography-cc874f1-letter-spacing );word-spacing:var( --e-global-typography-cc874f1-word-spacing );}.elementor-2279 .elementor-element.elementor-element-3dd7bb3{padding:80px 10px 80px 10px;}.elementor-2279 .elementor-element.elementor-element-c40e4d9 > .elementor-element-populated{margin:0px 0px 40px 0px;--e-column-margin-right:0px;--e-column-margin-left:0px;}.elementor-2279 .elementor-element.elementor-element-d079f85 .jeg-elementor-kit.jkit-animated-text .animated-text .normal-text{font-size:32px;}.elementor-2279 .elementor-element.elementor-element-d079f85 .jeg-elementor-kit.jkit-animated-text .animated-text .dynamic-text{font-size:var( --e-global-typography-secondary-font-size );line-height:var( --e-global-typography-secondary-line-height );}.elementor-2279 .elementor-element.elementor-element-bc02855{font-size:var( --e-global-typography-text-font-size );}.elementor-2279 .elementor-element.elementor-element-cb95974 .jeg-elementor-kit.jkit-button .jkit-button-wrapper{font-size:var( --e-global-typography-8be053e-font-size );line-height:var( --e-global-typography-8be053e-line-height );letter-spacing:var( --e-global-typography-8be053e-letter-spacing );word-spacing:var( --e-global-typography-8be053e-word-spacing );}.elementor-2279 .elementor-element.elementor-element-5a99845 > .elementor-element-populated{margin:0px 0px 0px 0px;--e-column-margin-right:0px;--e-column-margin-left:0px;}}@media(max-width:767px){.elementor-2279 .elementor-element.elementor-element-2e482f2:not(.elementor-motion-effects-element-type-background), .elementor-2279 .elementor-element.elementor-element-2e482f2 > .elementor-motion-effects-container > .elementor-motion-effects-layer{background-position:0px 0px;}.elementor-2279 .elementor-element.elementor-element-2e482f2{padding:40px 5px 40px 5px;}.elementor-2279 .elementor-element.elementor-element-9af0853{width:100%;}.elementor-2279 .elementor-element.elementor-element-38d3cf1{text-align:center;}.elementor-2279 .elementor-element.elementor-element-38d3cf1 .elementor-heading-title{font-size:var( --e-global-typography-cc874f1-font-size );line-height:var( --e-global-typography-cc874f1-line-height );letter-spacing:var( --e-global-typography-cc874f1-letter-spacing );word-spacing:var( --e-global-typography-cc874f1-word-spacing );}.elementor-2279 .elementor-element.elementor-element-3dd7bb3{padding:50px 5px 50px 5px;}.elementor-2279 .elementor-element.elementor-element-c40e4d9 > .elementor-element-populated{margin:0px 0px 30px 0px;--e-column-margin-right:0px;--e-column-margin-left:0px;}.elementor-2279 .elementor-element.elementor-element-d079f85 .jeg-elementor-kit.jkit-animated-text .animated-text .normal-text{font-size:30px;}.elementor-2279 .elementor-element.elementor-element-d079f85 .jeg-elementor-kit.jkit-animated-text .animated-text .dynamic-text{font-size:var( --e-global-typography-secondary-font-size );line-height:var( --e-global-typography-secondary-line-height );}.elementor-2279 .elementor-element.elementor-element-bc02855{font-size:var( --e-global-typography-text-font-size );}.elementor-2279 .elementor-element.elementor-element-cb95974 .jeg-elementor-kit.jkit-button .jkit-button-wrapper{font-size:var( --e-global-typography-8be053e-font-size );line-height:var( --e-global-typography-8be053e-line-height );letter-spacing:var( --e-global-typography-8be053e-letter-spacing );word-spacing:var( --e-global-typography-8be053e-word-spacing );}}<\/style>\t\t<div data-elementor-type=\"wp-page\" data-elementor-id=\"2279\" class=\"elementor elementor-2279\" data-elementor-post-type=\"page\">\n\t\t\t\t\t\t<section class=\"elementor-section elementor-top-section elementor-element elementor-element-2e482f2 elementor-section-boxed elementor-section-height-default elementor-section-height-default\" data-id=\"2e482f2\" data-element_type=\"section\" data-e-type=\"section\" data-settings=\"{&quot;background_background&quot;:&quot;classic&quot;}\">\n\t\t\t\t\t\t\t<div class=\"elementor-background-overlay\"><\/div>\n\t\t\t\t\t\t\t<div class=\"elementor-container elementor-column-gap-default\">\n\t\t\t\t\t<div class=\"elementor-column elementor-col-100 elementor-top-column elementor-element elementor-element-9af0853\" data-id=\"9af0853\" data-element_type=\"column\" data-e-type=\"column\">\n\t\t\t<div class=\"elementor-widget-wrap elementor-element-populated\">\n\t\t\t\t\t\t<div class=\"elementor-element elementor-element-38d3cf1 elementor-widget elementor-widget-heading\" data-id=\"38d3cf1\" data-element_type=\"widget\" data-e-type=\"widget\" data-widget_type=\"heading.default\">\n\t\t\t\t<div class=\"elementor-widget-container\">\n\t\t\t\t\t<h2 class=\"elementor-heading-title elementor-size-default\">Pots - Tarros<\/h2>\t\t\t\t<\/div>\n\t\t\t\t<\/div>\n\t\t\t\t\t<\/div>\n\t\t<\/div>\n\t\t\t\t\t<\/div>\n\t\t<\/section>\n\t\t\t\t<section class=\"elementor-section elementor-top-section elementor-element elementor-element-3dd7bb3 elementor-section-content-middle elementor-section-boxed elementor-section-height-default elementor-section-height-default\" data-id=\"3dd7bb3\" data-element_type=\"section\" data-e-type=\"section\">\n\t\t\t\t\t\t<div class=\"elementor-container elementor-column-gap-default\">\n\t\t\t\t\t<div class=\"elementor-column elementor-col-50 elementor-top-column elementor-element elementor-element-c40e4d9\" data-id=\"c40e4d9\" data-element_type=\"column\" data-e-type=\"column\">\n\t\t\t<div class=\"elementor-widget-wrap elementor-element-populated\">\n\t\t\t\t\t\t<div class=\"elementor-element elementor-element-d079f85 elementor-invisible elementor-widget elementor-widget-jkit_animated_text\" data-id=\"d079f85\" data-element_type=\"widget\" data-e-type=\"widget\" data-settings=\"{&quot;_animation&quot;:&quot;fadeInUp&quot;}\" data-widget_type=\"jkit_animated_text.default\">\n\t\t\t\t<div class=\"elementor-widget-container\">\n\t\t\t\t\t<div  class=\"jeg-elementor-kit jkit-animated-text jeg_module___69e4e0735dafc\"  data-style=\"none\"><p class=\"animated-text\"><span class=\"normal-text style-color\">Contacta&#039;ns per descobrir m\u00e9s<\/span><span class=\"dynamic-wrapper style-gradient\"><span class=\"dynamic-text\"><\/span><\/span><span class=\"normal-text style-color\"><\/span><\/p><\/div>\t\t\t\t<\/div>\n\t\t\t\t<\/div>\n\t\t\t\t<div class=\"elementor-element elementor-element-bc02855 elementor-widget elementor-widget-text-editor\" data-id=\"bc02855\" data-element_type=\"widget\" data-e-type=\"widget\" data-widget_type=\"text-editor.default\">\n\t\t\t\t<div class=\"elementor-widget-container\">\n\t\t\t\t\t\t\t\t\t<p>Aquesta tipologia d&#8217;env\u00e0s asegura l&#8217;hermetisme de f\u00f3rmules i\/o productes l\u00edquids i semil\u00edquids, destinats al sector farmac\u00e8utic i cosm\u00e8tic.<\/p>\n<p>A EFarma podem disposar de gran varietat de tarros\/pots en estoc per a entregues immediates. Enviem comandes de tarros\/pots a partir d&#8217;1 caixa en un leadtime de 24\/48h a qualsevol lloc de la pen\u00ednsula.<\/p>\n<p>Mensualment incorporem noves refer\u00e8ncies de tarros\/pots en estoc depenent de les necessitats dels nostres clients. Per aquest motiu, t&#8217;animem que ens consultis si no trobes l&#8217;env\u00e0s que buscaves.<\/p>\t\t\t\t\t\t\t\t<\/div>\n\t\t\t\t<\/div>\n\t\t\t\t<div class=\"elementor-element elementor-element-cb95974 elementor-widget__width-auto elementor-widget elementor-widget-jkit_button\" data-id=\"cb95974\" data-element_type=\"widget\" data-e-type=\"widget\" data-widget_type=\"jkit_button.default\">\n\t\t\t\t<div class=\"elementor-widget-container\">\n\t\t\t\t\t<div  class=\"jeg-elementor-kit jkit-button  icon-position-before jeg_module__1_69e4e0736085d\" ><a href=\"https:\/\/envasesfarmaceuticos.com\/es\/contacto\/\" class=\"jkit-button-wrapper hover-gradient\"><span>Contacte<\/span><\/a><\/div>\t\t\t\t<\/div>\n\t\t\t\t<\/div>\n\t\t\t\t\t<\/div>\n\t\t<\/div>\n\t\t\t\t<div class=\"elementor-column elementor-col-50 elementor-top-column elementor-element elementor-element-5a99845\" data-id=\"5a99845\" data-element_type=\"column\" data-e-type=\"column\">\n\t\t\t<div class=\"elementor-widget-wrap elementor-element-populated\">\n\t\t\t\t\t\t<section class=\"elementor-section elementor-inner-section elementor-element elementor-element-3be9fa5 elementor-section-boxed elementor-section-height-default elementor-section-height-default\" data-id=\"3be9fa5\" data-element_type=\"section\" data-e-type=\"section\">\n\t\t\t\t\t\t<div class=\"elementor-container elementor-column-gap-default\">\n\t\t\t\t\t<div class=\"elementor-column elementor-col-100 elementor-inner-column elementor-element elementor-element-7320794\" data-id=\"7320794\" data-element_type=\"column\" data-e-type=\"column\">\n\t\t\t<div class=\"elementor-widget-wrap elementor-element-populated\">\n\t\t\t\t\t\t<div class=\"elementor-element elementor-element-b0763c1 elementor-widget elementor-widget-image\" data-id=\"b0763c1\" data-element_type=\"widget\" data-e-type=\"widget\" data-widget_type=\"image.default\">\n\t\t\t\t<div class=\"elementor-widget-container\">\n\t\t\t\t\t\t\t\t\t\t\t\t\t\t\t<img fetchpriority=\"high\" decoding=\"async\" width=\"1024\" height=\"1024\" src=\"https:\/\/envasesfarmaceuticos.com\/wp-content\/uploads\/2024\/03\/TARRO-1024x1024.png\" class=\"attachment-large size-large wp-image-1954\" alt=\"\" srcset=\"https:\/\/envasesfarmaceuticos.com\/wp-content\/uploads\/2024\/03\/TARRO-1024x1024.png 1024w, https:\/\/envasesfarmaceuticos.com\/wp-content\/uploads\/2024\/03\/TARRO-300x300.png 300w, https:\/\/envasesfarmaceuticos.com\/wp-content\/uploads\/2024\/03\/TARRO-150x150.png 150w, https:\/\/envasesfarmaceuticos.com\/wp-content\/uploads\/2024\/03\/TARRO-768x768.png 768w, https:\/\/envasesfarmaceuticos.com\/wp-content\/uploads\/2024\/03\/TARRO-12x12.png 12w, https:\/\/envasesfarmaceuticos.com\/wp-content\/uploads\/2024\/03\/TARRO-600x600.png 600w, https:\/\/envasesfarmaceuticos.com\/wp-content\/uploads\/2024\/03\/TARRO-100x100.png 100w, https:\/\/envasesfarmaceuticos.com\/wp-content\/uploads\/2024\/03\/TARRO-50x50.png 50w, https:\/\/envasesfarmaceuticos.com\/wp-content\/uploads\/2024\/03\/elementor\/thumbs\/TARRO-qlhkf7w36npbz1dru77qwhaxs7mxaz0110pihjxbtc.png 1000w, https:\/\/envasesfarmaceuticos.com\/wp-content\/uploads\/2024\/03\/TARRO.png 1080w\" sizes=\"(max-width: 1024px) 100vw, 1024px\" \/>\t\t\t\t\t\t\t\t\t\t\t\t\t\t\t<\/div>\n\t\t\t\t<\/div>\n\t\t\t\t\t<\/div>\n\t\t<\/div>\n\t\t\t\t\t<\/div>\n\t\t<\/section>\n\t\t\t\t\t<\/div>\n\t\t<\/div>\n\t\t\t\t\t<\/div>\n\t\t<\/section>\n\t\t\t\t<\/div>\n\t\t","protected":false},"excerpt":{"rendered":"<p>Botes \u2013 Tarros Cont\u00e1ctanos para descubrir m\u00e1s Esta tipolog\u00eda de envase asegura el hermetismo de f\u00f3rmulas y\/o productos l\u00edquidos y semil\u00edquidos, destinados al sector farmac\u00e9utico y cosm\u00e9tico. En EFarma podemos disponer de gran variedad de tarros\/botes en stock para entregas inmediatas. Enviamos pedidos de tarros\/botes a partir de 1 caja en un leadtime de 24\/48h a cualquier\u2026&nbsp;<a href=\"https:\/\/envasesfarmaceuticos.com\/es\/tarros\/\" rel=\"bookmark\"><span class=\"screen-reader-text\">Tarros<\/span><\/a><\/p>","protected":false},"author":2,"featured_media":0,"parent":0,"menu_order":8,"comment_status":"closed","ping_status":"closed","template":"page-templates\/template-pagebuilder-full-width.php","meta":{"om_disable_all_campaigns":false,"_monsterinsights_skip_tracking":false,"_monsterinsights_sitenote_active":false,"_monsterinsights_sitenote_note":"","_monsterinsights_sitenote_category":0,"_uf_show_specific_survey":0,"_uf_disable_surveys":false,"neve_meta_sidebar":"","neve_meta_container":"","neve_meta_enable_content_width":"off","neve_meta_content_width":100,"neve_meta_title_alignment":"","neve_meta_author_avatar":"","neve_post_elements_order":"","neve_meta_disable_header":"","neve_meta_disable_footer":"","neve_meta_disable_title":"","footnotes":""},"class_list":["post-2279","page","type-page","status-publish","hentry"],"acf":[],"aioseo_notices":[],"_links":{"self":[{"href":"https:\/\/envasesfarmaceuticos.com\/es\/wp-json\/wp\/v2\/pages\/2279","targetHints":{"allow":["GET"]}}],"collection":[{"href":"https:\/\/envasesfarmaceuticos.com\/es\/wp-json\/wp\/v2\/pages"}],"about":[{"href":"https:\/\/envasesfarmaceuticos.com\/es\/wp-json\/wp\/v2\/types\/page"}],"author":[{"embeddable":true,"href":"https:\/\/envasesfarmaceuticos.com\/es\/wp-json\/wp\/v2\/users\/2"}],"replies":[{"embeddable":true,"href":"https:\/\/envasesfarmaceuticos.com\/es\/wp-json\/wp\/v2\/comments?post=2279"}],"version-history":[{"count":28,"href":"https:\/\/envasesfarmaceuticos.com\/es\/wp-json\/wp\/v2\/pages\/2279\/revisions"}],"predecessor-version":[{"id":2653,"href":"https:\/\/envasesfarmaceuticos.com\/es\/wp-json\/wp\/v2\/pages\/2279\/revisions\/2653"}],"wp:attachment":[{"href":"https:\/\/envasesfarmaceuticos.com\/es\/wp-json\/wp\/v2\/media?parent=2279"}],"curies":[{"name":"wp","href":"https:\/\/api.w.org\/{rel}","templated":true}]}}