{"id":3678,"date":"2025-04-24T13:51:54","date_gmt":"2025-04-24T11:51:54","guid":{"rendered":"https:\/\/envasesfarmaceuticos.com\/?page_id=3678"},"modified":"2025-04-24T13:55:51","modified_gmt":"2025-04-24T11:55:51","slug":"pistoles","status":"publish","type":"page","link":"https:\/\/envasesfarmaceuticos.com\/es\/otros-envases\/pistoles\/","title":{"rendered":"Pistolas"},"content":{"rendered":"<style>.elementor-3678 .elementor-element.elementor-element-e3d46e9 > .elementor-container{max-width:1150px;}.elementor-3678 .elementor-element.elementor-element-e3d46e9:not(.elementor-motion-effects-element-type-background), .elementor-3678 .elementor-element.elementor-element-e3d46e9 > .elementor-motion-effects-container > .elementor-motion-effects-layer{background-image:url(\"https:\/\/envasesfarmaceuticos.com\/wp-content\/uploads\/2023\/10\/airless-2.jpg\");background-position:0px 35%;background-repeat:no-repeat;background-size:cover;}.elementor-3678 .elementor-element.elementor-element-e3d46e9 > .elementor-background-overlay{background-color:transparent;background-image:linear-gradient(340deg, #03419599 0%, #3EC3E1C4 90%);opacity:0.95;transition:background 0.3s, border-radius 0.3s, opacity 0.3s;}.elementor-3678 .elementor-element.elementor-element-e3d46e9{transition:background 0.3s, border 0.3s, border-radius 0.3s, box-shadow 0.3s;margin-top:-45px;margin-bottom:0px;padding:70px 0px 40px 0px;}.elementor-3678 .elementor-element.elementor-element-9d94c8a{text-align:center;}.elementor-3678 .elementor-element.elementor-element-9d94c8a .elementor-heading-title{font-family:var( --e-global-typography-cc874f1-font-family ), Sans-serif;font-size:var( --e-global-typography-cc874f1-font-size );font-weight:var( --e-global-typography-cc874f1-font-weight );line-height:var( --e-global-typography-cc874f1-line-height );letter-spacing:var( --e-global-typography-cc874f1-letter-spacing );word-spacing:var( --e-global-typography-cc874f1-word-spacing );color:var( --e-global-color-3364412 );}.elementor-3678 .elementor-element.elementor-element-1f0683e > .elementor-container{max-width:1300px;}.elementor-3678 .elementor-element.elementor-element-1f0683e > .elementor-container > .elementor-column > .elementor-widget-wrap{align-content:center;align-items:center;}.elementor-3678 .elementor-element.elementor-element-1f0683e{padding:100px 0px 100px 0px;}.elementor-bc-flex-widget .elementor-3678 .elementor-element.elementor-element-864e7d1.elementor-column .elementor-widget-wrap{align-items:center;}.elementor-3678 .elementor-element.elementor-element-864e7d1.elementor-column.elementor-element[data-element_type=\"column\"] > .elementor-widget-wrap.elementor-element-populated{align-content:center;align-items:center;}.elementor-3678 .elementor-element.elementor-element-864e7d1 > .elementor-element-populated{margin:0px 30px 0px 0px;--e-column-margin-right:30px;--e-column-margin-left:0px;}.elementor-3678 .elementor-element.elementor-element-19b178a{width:var( --container-widget-width, 100% );max-width:100%;--container-widget-width:100%;--container-widget-flex-grow:0;}.elementor-3678 .elementor-element.elementor-element-19b178a.elementor-element{--flex-grow:0;--flex-shrink:0;}.elementor-bc-flex-widget .elementor-3678 .elementor-element.elementor-element-d787e5e.elementor-column .elementor-widget-wrap{align-items:center;}.elementor-3678 .elementor-element.elementor-element-d787e5e.elementor-column.elementor-element[data-element_type=\"column\"] > .elementor-widget-wrap.elementor-element-populated{align-content:center;align-items:center;}.elementor-3678 .elementor-element.elementor-element-d787e5e > .elementor-element-populated{margin:0px 0px 0px 0px;--e-column-margin-right:0px;--e-column-margin-left:0px;}.elementor-3678 .elementor-element.elementor-element-fe62f19 .jeg-elementor-kit.jkit-animated-text{text-align:left;}.elementor-3678 .elementor-element.elementor-element-fe62f19 .jeg-elementor-kit.jkit-animated-text .animated-text .normal-text{font-family:\"Hind Siliguri\", Sans-serif;font-size:35px;font-weight:600;line-height:1.15em;}.elementor-3678 .elementor-element.elementor-element-fe62f19 .jeg-elementor-kit.jkit-animated-text .animated-text .normal-text.style-color{color:var( --e-global-color-primary );}.elementor-3678 .elementor-element.elementor-element-fe62f19 .jeg-elementor-kit.jkit-animated-text .animated-text .dynamic-text{font-family:var( --e-global-typography-secondary-font-family ), Sans-serif;font-size:var( --e-global-typography-secondary-font-size );font-weight:var( --e-global-typography-secondary-font-weight );line-height:var( --e-global-typography-secondary-line-height );}.elementor-3678 .elementor-element.elementor-element-fe62f19 .jeg-elementor-kit.jkit-animated-text .animated-text .dynamic-wrapper.style-gradient:not(.typing-delete) .dynamic-text, .elementor-3678 .elementor-element.elementor-element-fe62f19 .jeg-elementor-kit.jkit-animated-text .animated-text .dynamic-wrapper.style-gradient:not(.typing-delete) .dynamic-text .dynamic-text-letter{background-color:transparent;background-image:linear-gradient(340deg, var( --e-global-color-accent ) 0%, var( --e-global-color-secondary ) 100%);}.elementor-3678 .elementor-element.elementor-element-fe62f19 > .elementor-widget-container{margin:0px 0px -10px 0px;}.elementor-3678 .elementor-element.elementor-element-9f0e64b{text-align:justify;font-family:var( --e-global-typography-text-font-family ), Sans-serif;font-size:var( --e-global-typography-text-font-size );font-weight:var( --e-global-typography-text-font-weight );color:var( --e-global-color-text );}.elementor-3678 .elementor-element.elementor-element-948e283 .jeg-elementor-kit.jkit-button{text-align:left;}.elementor-3678 .elementor-element.elementor-element-948e283 .jeg-elementor-kit.jkit-button .jkit-button-wrapper{width:100%;padding:15px 35px 15px 35px;font-family:var( --e-global-typography-8be053e-font-family ), Sans-serif;font-size:var( --e-global-typography-8be053e-font-size );font-weight:var( --e-global-typography-8be053e-font-weight );line-height:var( --e-global-typography-8be053e-line-height );letter-spacing:var( --e-global-typography-8be053e-letter-spacing );word-spacing:var( --e-global-typography-8be053e-word-spacing );color:var( --e-global-color-3364412 );background-color:transparent;background-image:linear-gradient(340deg, var( --e-global-color-accent ) 30%, var( --e-global-color-secondary ) 100%);border-radius:50px 50px 50px 50px;}.elementor-3678 .elementor-element.elementor-element-948e283 .jeg-elementor-kit.jkit-button .jkit-button-wrapper svg{fill:var( --e-global-color-3364412 );width:15px;}.elementor-3678 .elementor-element.elementor-element-948e283 .jeg-elementor-kit.jkit-button .jkit-button-wrapper:hover{color:var( --e-global-color-3364412 );}.elementor-3678 .elementor-element.elementor-element-948e283 .jeg-elementor-kit.jkit-button .jkit-button-wrapper:hover svg{fill:var( --e-global-color-3364412 );}.elementor-3678 .elementor-element.elementor-element-948e283 .jeg-elementor-kit.jkit-button .jkit-button-wrapper:not(.hover-gradient):hover, .elementor-3678 .elementor-element.elementor-element-948e283 .jeg-elementor-kit.jkit-button .jkit-button-wrapper.hover-gradient:before{background-color:transparent;background-image:linear-gradient(340deg, var( --e-global-color-accent ) 0%, var( --e-global-color-secondary ) 100%);}.elementor-3678 .elementor-element.elementor-element-948e283 .jeg-elementor-kit.jkit-button .jkit-button-wrapper i{font-size:15px;}.elementor-3678 .elementor-element.elementor-element-948e283 .jeg-elementor-kit.jkit-button.icon-position-before .jkit-button-wrapper i, .elementor-3678 .elementor-element.elementor-element-948e283 .jeg-elementor-kit.jkit-button.icon-position-before .jkit-button-wrapper svg{margin-right:10px;}.elementor-3678 .elementor-element.elementor-element-948e283 .jeg-elementor-kit.jkit-button.icon-position-after .jkit-button-wrapper i, .elementor-3678 .elementor-element.elementor-element-948e283 .jeg-elementor-kit.jkit-button.icon-position-after .jkit-button-wrapper svg{margin-left:10px;}.elementor-3678 .elementor-element.elementor-element-948e283 .jeg-elementor-kit.jkit-button .jkit-button-wrapper i, .elementor-3678 .elementor-element.elementor-element-948e283 .jeg-elementor-kit.jkit-button .jkit-button-wrapper svg{-webkit-transform:translateY(-2px);-ms-transform:translateY(-2px);-o-transform:translateY(-2px);-moz-transform:translateY(-2px);transform:translateY(-2px);}.elementor-3678 .elementor-element.elementor-element-948e283{width:auto;max-width:auto;}@media(max-width:1024px) and (min-width:768px){.elementor-3678 .elementor-element.elementor-element-864e7d1{width:50%;}.elementor-3678 .elementor-element.elementor-element-d787e5e{width:100%;}}@media(max-width:1024px){.elementor-3678 .elementor-element.elementor-element-e3d46e9:not(.elementor-motion-effects-element-type-background), .elementor-3678 .elementor-element.elementor-element-e3d46e9 > .elementor-motion-effects-container > .elementor-motion-effects-layer{background-position:0px 0px;}.elementor-3678 .elementor-element.elementor-element-e3d46e9{padding:150px 10px 100px 10px;}.elementor-3678 .elementor-element.elementor-element-9d94c8a .elementor-heading-title{font-size:var( --e-global-typography-cc874f1-font-size );line-height:var( --e-global-typography-cc874f1-line-height );letter-spacing:var( --e-global-typography-cc874f1-letter-spacing );word-spacing:var( --e-global-typography-cc874f1-word-spacing );}.elementor-3678 .elementor-element.elementor-element-1f0683e{padding:80px 10px 80px 10px;}.elementor-3678 .elementor-element.elementor-element-864e7d1 > .elementor-element-populated{margin:0px 0px 0px 0px;--e-column-margin-right:0px;--e-column-margin-left:0px;}.elementor-3678 .elementor-element.elementor-element-d787e5e > .elementor-element-populated{margin:0px 0px 40px 0px;--e-column-margin-right:0px;--e-column-margin-left:0px;}.elementor-3678 .elementor-element.elementor-element-fe62f19 .jeg-elementor-kit.jkit-animated-text .animated-text .normal-text{font-size:32px;}.elementor-3678 .elementor-element.elementor-element-fe62f19 .jeg-elementor-kit.jkit-animated-text .animated-text .dynamic-text{font-size:var( --e-global-typography-secondary-font-size );line-height:var( --e-global-typography-secondary-line-height );}.elementor-3678 .elementor-element.elementor-element-9f0e64b{font-size:var( --e-global-typography-text-font-size );}.elementor-3678 .elementor-element.elementor-element-948e283 .jeg-elementor-kit.jkit-button .jkit-button-wrapper{font-size:var( --e-global-typography-8be053e-font-size );line-height:var( --e-global-typography-8be053e-line-height );letter-spacing:var( --e-global-typography-8be053e-letter-spacing );word-spacing:var( --e-global-typography-8be053e-word-spacing );}}@media(max-width:767px){.elementor-3678 .elementor-element.elementor-element-e3d46e9:not(.elementor-motion-effects-element-type-background), .elementor-3678 .elementor-element.elementor-element-e3d46e9 > .elementor-motion-effects-container > .elementor-motion-effects-layer{background-position:0px 0px;}.elementor-3678 .elementor-element.elementor-element-e3d46e9{padding:40px 5px 40px 5px;}.elementor-3678 .elementor-element.elementor-element-2857dba{width:100%;}.elementor-3678 .elementor-element.elementor-element-9d94c8a{text-align:center;}.elementor-3678 .elementor-element.elementor-element-9d94c8a .elementor-heading-title{font-size:var( --e-global-typography-cc874f1-font-size );line-height:var( --e-global-typography-cc874f1-line-height );letter-spacing:var( --e-global-typography-cc874f1-letter-spacing );word-spacing:var( --e-global-typography-cc874f1-word-spacing );}.elementor-3678 .elementor-element.elementor-element-1f0683e{padding:50px 5px 50px 5px;}.elementor-3678 .elementor-element.elementor-element-d787e5e > .elementor-element-populated{margin:0px 0px 30px 0px;--e-column-margin-right:0px;--e-column-margin-left:0px;}.elementor-3678 .elementor-element.elementor-element-fe62f19 .jeg-elementor-kit.jkit-animated-text .animated-text .normal-text{font-size:30px;}.elementor-3678 .elementor-element.elementor-element-fe62f19 .jeg-elementor-kit.jkit-animated-text .animated-text .dynamic-text{font-size:var( --e-global-typography-secondary-font-size );line-height:var( --e-global-typography-secondary-line-height );}.elementor-3678 .elementor-element.elementor-element-9f0e64b{font-size:var( --e-global-typography-text-font-size );}.elementor-3678 .elementor-element.elementor-element-948e283 .jeg-elementor-kit.jkit-button .jkit-button-wrapper{font-size:var( --e-global-typography-8be053e-font-size );line-height:var( --e-global-typography-8be053e-line-height );letter-spacing:var( --e-global-typography-8be053e-letter-spacing );word-spacing:var( --e-global-typography-8be053e-word-spacing );}}<\/style>\t\t<div data-elementor-type=\"wp-page\" data-elementor-id=\"3678\" class=\"elementor elementor-3678\" data-elementor-post-type=\"page\">\n\t\t\t\t\t\t<section class=\"elementor-section elementor-top-section elementor-element elementor-element-e3d46e9 elementor-section-boxed elementor-section-height-default elementor-section-height-default\" data-id=\"e3d46e9\" data-element_type=\"section\" data-e-type=\"section\" data-settings=\"{&quot;background_background&quot;:&quot;classic&quot;}\">\n\t\t\t\t\t\t\t<div class=\"elementor-background-overlay\"><\/div>\n\t\t\t\t\t\t\t<div class=\"elementor-container elementor-column-gap-default\">\n\t\t\t\t\t<div class=\"elementor-column elementor-col-100 elementor-top-column elementor-element elementor-element-2857dba\" data-id=\"2857dba\" data-element_type=\"column\" data-e-type=\"column\">\n\t\t\t<div class=\"elementor-widget-wrap elementor-element-populated\">\n\t\t\t\t\t\t<div class=\"elementor-element elementor-element-9d94c8a elementor-widget elementor-widget-heading\" data-id=\"9d94c8a\" data-element_type=\"widget\" data-e-type=\"widget\" data-widget_type=\"heading.default\">\n\t\t\t\t<div class=\"elementor-widget-container\">\n\t\t\t\t\t<h2 class=\"elementor-heading-title elementor-size-default\">Pistoles<\/h2>\t\t\t\t<\/div>\n\t\t\t\t<\/div>\n\t\t\t\t\t<\/div>\n\t\t<\/div>\n\t\t\t\t\t<\/div>\n\t\t<\/section>\n\t\t\t\t<section class=\"elementor-section elementor-top-section elementor-element elementor-element-1f0683e elementor-section-content-middle elementor-section-boxed elementor-section-height-default elementor-section-height-default\" data-id=\"1f0683e\" data-element_type=\"section\" data-e-type=\"section\">\n\t\t\t\t\t\t<div class=\"elementor-container elementor-column-gap-default\">\n\t\t\t\t\t<div class=\"elementor-column elementor-col-50 elementor-top-column elementor-element elementor-element-864e7d1\" data-id=\"864e7d1\" data-element_type=\"column\" data-e-type=\"column\">\n\t\t\t<div class=\"elementor-widget-wrap elementor-element-populated\">\n\t\t\t\t\t\t<div class=\"elementor-element elementor-element-19b178a elementor-widget__width-initial elementor-widget elementor-widget-image\" data-id=\"19b178a\" data-element_type=\"widget\" data-e-type=\"widget\" data-widget_type=\"image.default\">\n\t\t\t\t<div class=\"elementor-widget-container\">\n\t\t\t\t\t\t\t\t\t\t\t\t\t\t\t<img fetchpriority=\"high\" decoding=\"async\" width=\"1536\" height=\"864\" src=\"https:\/\/envasesfarmaceuticos.com\/wp-content\/uploads\/2023\/10\/pistoles-1536x864.jpg\" class=\"attachment-1536x1536 size-1536x1536 wp-image-720\" alt=\"\" srcset=\"https:\/\/envasesfarmaceuticos.com\/wp-content\/uploads\/2023\/10\/pistoles-1536x864.jpg 1536w, https:\/\/envasesfarmaceuticos.com\/wp-content\/uploads\/2023\/10\/pistoles-300x169.jpg 300w, https:\/\/envasesfarmaceuticos.com\/wp-content\/uploads\/2023\/10\/pistoles-1024x576.jpg 1024w, https:\/\/envasesfarmaceuticos.com\/wp-content\/uploads\/2023\/10\/pistoles-768x432.jpg 768w, https:\/\/envasesfarmaceuticos.com\/wp-content\/uploads\/2023\/10\/pistoles-18x10.jpg 18w, https:\/\/envasesfarmaceuticos.com\/wp-content\/uploads\/2023\/10\/pistoles-600x338.jpg 600w, https:\/\/envasesfarmaceuticos.com\/wp-content\/uploads\/2023\/10\/pistoles.jpg 1920w\" sizes=\"(max-width: 1536px) 100vw, 1536px\" \/>\t\t\t\t\t\t\t\t\t\t\t\t\t\t\t<\/div>\n\t\t\t\t<\/div>\n\t\t\t\t\t<\/div>\n\t\t<\/div>\n\t\t\t\t<div class=\"elementor-column elementor-col-50 elementor-top-column elementor-element elementor-element-d787e5e\" data-id=\"d787e5e\" data-element_type=\"column\" data-e-type=\"column\">\n\t\t\t<div class=\"elementor-widget-wrap elementor-element-populated\">\n\t\t\t\t\t\t<div class=\"elementor-element elementor-element-fe62f19 elementor-invisible elementor-widget elementor-widget-jkit_animated_text\" data-id=\"fe62f19\" data-element_type=\"widget\" data-e-type=\"widget\" data-settings=\"{&quot;_animation&quot;:&quot;fadeInUp&quot;}\" data-widget_type=\"jkit_animated_text.default\">\n\t\t\t\t<div class=\"elementor-widget-container\">\n\t\t\t\t\t<div  class=\"jeg-elementor-kit jkit-animated-text jeg_module___69e9f74079e4c\"  data-style=\"none\"><p class=\"animated-text\"><span class=\"normal-text style-color\">Contacta&#039;ns per descobrir m\u00e9s<\/span><span class=\"dynamic-wrapper style-gradient\"><span class=\"dynamic-text\"><\/span><\/span><span class=\"normal-text style-color\"><\/span><\/p><\/div>\t\t\t\t<\/div>\n\t\t\t\t<\/div>\n\t\t\t\t<div class=\"elementor-element elementor-element-9f0e64b elementor-widget elementor-widget-text-editor\" data-id=\"9f0e64b\" data-element_type=\"widget\" data-e-type=\"widget\" data-widget_type=\"text-editor.default\">\n\t\t\t\t<div class=\"elementor-widget-container\">\n\t\t\t\t\t\t\t\t\t<p>A Efarma, volem oferir als nostres clients solucions d&#8217;envasament que no nom\u00e9s compleixin, sin\u00f3 que superin les seves expectatives. Estem compromesos amb la qualitat, la innovaci\u00f3 i la satisfacci\u00f3 del client.\u00a0<\/p><p>A Efarma disposem d&#8217;una gran varietat de pistoles\u00a0en estoc per a lliuraments immediats. Entreguem comandes de pistoles a partir de 1 caixa en un leadtime de 24\/48h a qualsevol lloc de la pen\u00ednsula.<\/p><p>Mensualment incorporem noves refer\u00e8ncies de pistoles en estoc tenint en compte de les necessitats dels nostres clients. Per aquest motiu, t&#8217;animem a consultar-nos si no trobes l&#8217;env\u00e0s que buscaves.<\/p>\t\t\t\t\t\t\t\t<\/div>\n\t\t\t\t<\/div>\n\t\t\t\t<div class=\"elementor-element elementor-element-948e283 elementor-widget__width-auto elementor-widget elementor-widget-jkit_button\" data-id=\"948e283\" data-element_type=\"widget\" data-e-type=\"widget\" data-widget_type=\"jkit_button.default\">\n\t\t\t\t<div class=\"elementor-widget-container\">\n\t\t\t\t\t<div  class=\"jeg-elementor-kit jkit-button  icon-position-before jeg_module__1_69e9f74080100\" ><a href=\"https:\/\/envasesfarmaceuticos.com\/es\/contacto\/\" class=\"jkit-button-wrapper hover-gradient\"><span>Contacte<\/span><\/a><\/div>\t\t\t\t<\/div>\n\t\t\t\t<\/div>\n\t\t\t\t\t<\/div>\n\t\t<\/div>\n\t\t\t\t\t<\/div>\n\t\t<\/section>\n\t\t\t\t<\/div>\n\t\t","protected":false},"excerpt":{"rendered":"<p>Pistolas Cont\u00e1ctanos para descubrir m\u00e1s En Efarma, queremos ofrecer a nuestros clientes soluciones de envasado que no s\u00f3lo cumplan, sino que superen sus expectativas. Estamos comprometidos con la calidad, la innovaci\u00f3n y la satisfacci\u00f3n del cliente.&nbsp;<a href=\"https:\/\/envasesfarmaceuticos.com\/es\/otros-envases\/pistoles\/\" rel=\"bookmark\"><span class=\"screen-reader-text\">Pistolas<\/span><\/a><\/p>","protected":false},"author":3,"featured_media":0,"parent":1223,"menu_order":2,"comment_status":"closed","ping_status":"closed","template":"page-templates\/template-pagebuilder-full-width.php","meta":{"om_disable_all_campaigns":false,"_monsterinsights_skip_tracking":false,"_monsterinsights_sitenote_active":false,"_monsterinsights_sitenote_note":"","_monsterinsights_sitenote_category":0,"_uf_show_specific_survey":0,"_uf_disable_surveys":false,"neve_meta_sidebar":"","neve_meta_container":"","neve_meta_enable_content_width":"off","neve_meta_content_width":100,"neve_meta_title_alignment":"","neve_meta_author_avatar":"","neve_post_elements_order":"","neve_meta_disable_header":"","neve_meta_disable_footer":"","neve_meta_disable_title":"","footnotes":""},"class_list":["post-3678","page","type-page","status-publish","hentry"],"acf":[],"aioseo_notices":[],"_links":{"self":[{"href":"https:\/\/envasesfarmaceuticos.com\/es\/wp-json\/wp\/v2\/pages\/3678","targetHints":{"allow":["GET"]}}],"collection":[{"href":"https:\/\/envasesfarmaceuticos.com\/es\/wp-json\/wp\/v2\/pages"}],"about":[{"href":"https:\/\/envasesfarmaceuticos.com\/es\/wp-json\/wp\/v2\/types\/page"}],"author":[{"embeddable":true,"href":"https:\/\/envasesfarmaceuticos.com\/es\/wp-json\/wp\/v2\/users\/3"}],"replies":[{"embeddable":true,"href":"https:\/\/envasesfarmaceuticos.com\/es\/wp-json\/wp\/v2\/comments?post=3678"}],"version-history":[{"count":7,"href":"https:\/\/envasesfarmaceuticos.com\/es\/wp-json\/wp\/v2\/pages\/3678\/revisions"}],"predecessor-version":[{"id":3689,"href":"https:\/\/envasesfarmaceuticos.com\/es\/wp-json\/wp\/v2\/pages\/3678\/revisions\/3689"}],"up":[{"embeddable":true,"href":"https:\/\/envasesfarmaceuticos.com\/es\/wp-json\/wp\/v2\/pages\/1223"}],"wp:attachment":[{"href":"https:\/\/envasesfarmaceuticos.com\/es\/wp-json\/wp\/v2\/media?parent=3678"}],"curies":[{"name":"wp","href":"https:\/\/api.w.org\/{rel}","templated":true}]}}