{"id":610,"date":"2023-10-14T21:37:11","date_gmt":"2023-10-14T21:37:11","guid":{"rendered":"https:\/\/envasesfarmaceuticos.com\/?page_id=610"},"modified":"2024-05-04T19:00:55","modified_gmt":"2024-05-04T17:00:55","slug":"aviso-legal","status":"publish","type":"page","link":"https:\/\/envasesfarmaceuticos.com\/es\/aviso-legal\/","title":{"rendered":"Aviso legal"},"content":{"rendered":"<style>.elementor-610 .elementor-element.elementor-element-fc91d31 > .elementor-container{max-width:1150px;}.elementor-610 .elementor-element.elementor-element-fc91d31:not(.elementor-motion-effects-element-type-background), .elementor-610 .elementor-element.elementor-element-fc91d31 > .elementor-motion-effects-container > .elementor-motion-effects-layer{background-image:url(\"https:\/\/envasesfarmaceuticos.com\/wp-content\/uploads\/2023\/10\/6-scaled.jpg\");background-position:center center;background-repeat:no-repeat;background-size:cover;}.elementor-610 .elementor-element.elementor-element-fc91d31 > .elementor-background-overlay{background-color:transparent;background-image:linear-gradient(340deg, #03419599 0%, #3EC3E1C4 90%);opacity:0.95;transition:background 0.3s, border-radius 0.3s, opacity 0.3s;}.elementor-610 .elementor-element.elementor-element-fc91d31{transition:background 0.3s, border 0.3s, border-radius 0.3s, box-shadow 0.3s;margin-top:-45px;margin-bottom:0px;padding:160px 0px 100px 0px;}.elementor-610 .elementor-element.elementor-element-67dfb63{text-align:center;}.elementor-610 .elementor-element.elementor-element-67dfb63 .elementor-heading-title{font-family:var( --e-global-typography-cc874f1-font-family ), Sans-serif;font-size:var( --e-global-typography-cc874f1-font-size );font-weight:var( --e-global-typography-cc874f1-font-weight );line-height:var( --e-global-typography-cc874f1-line-height );letter-spacing:var( --e-global-typography-cc874f1-letter-spacing );word-spacing:var( --e-global-typography-cc874f1-word-spacing );color:var( --e-global-color-3364412 );}.elementor-610 .elementor-element.elementor-element-d4c9573 > .elementor-container{max-width:1150px;}.elementor-610 .elementor-element.elementor-element-d4c9573 > .elementor-container > .elementor-column > .elementor-widget-wrap{align-content:center;align-items:center;}.elementor-610 .elementor-element.elementor-element-d4c9573{padding:100px 20px 100px 20px;}.elementor-610 .elementor-element.elementor-element-0a90ea9 > .elementor-element-populated{margin:0px 30px 0px 0px;--e-column-margin-right:30px;--e-column-margin-left:0px;}.elementor-610 .elementor-element.elementor-element-15c2bab{text-align:justify;font-family:var( --e-global-typography-text-font-family ), Sans-serif;font-size:var( --e-global-typography-text-font-size );font-weight:var( --e-global-typography-text-font-weight );color:var( --e-global-color-text );}@media(max-width:1024px) and (min-width:768px){.elementor-610 .elementor-element.elementor-element-0a90ea9{width:100%;}}@media(max-width:1024px){.elementor-610 .elementor-element.elementor-element-fc91d31{padding:150px 10px 100px 10px;}.elementor-610 .elementor-element.elementor-element-67dfb63 .elementor-heading-title{font-size:var( --e-global-typography-cc874f1-font-size );line-height:var( --e-global-typography-cc874f1-line-height );letter-spacing:var( --e-global-typography-cc874f1-letter-spacing );word-spacing:var( --e-global-typography-cc874f1-word-spacing );}.elementor-610 .elementor-element.elementor-element-d4c9573{padding:50px 0px 0px 0px;}.elementor-610 .elementor-element.elementor-element-0a90ea9 > .elementor-element-populated{margin:50px 10px 0px 10px;--e-column-margin-right:10px;--e-column-margin-left:10px;}.elementor-610 .elementor-element.elementor-element-15c2bab{font-size:var( --e-global-typography-text-font-size );}}@media(max-width:767px){.elementor-610 .elementor-element.elementor-element-fc91d31{padding:80px 5px 40px 5px;}.elementor-610 .elementor-element.elementor-element-84b1e6b{width:100%;}.elementor-610 .elementor-element.elementor-element-67dfb63{text-align:center;}.elementor-610 .elementor-element.elementor-element-67dfb63 .elementor-heading-title{font-size:var( --e-global-typography-cc874f1-font-size );line-height:var( --e-global-typography-cc874f1-line-height );letter-spacing:var( --e-global-typography-cc874f1-letter-spacing );word-spacing:var( --e-global-typography-cc874f1-word-spacing );}.elementor-610 .elementor-element.elementor-element-d4c9573{padding:50px 0px 0px 0px;}.elementor-610 .elementor-element.elementor-element-0a90ea9 > .elementor-element-populated{margin:30px 5px 30px 5px;--e-column-margin-right:5px;--e-column-margin-left:5px;}.elementor-610 .elementor-element.elementor-element-15c2bab{font-size:var( --e-global-typography-text-font-size );}}<\/style>\t\t<div data-elementor-type=\"wp-page\" data-elementor-id=\"610\" class=\"elementor elementor-610\" data-elementor-post-type=\"page\">\n\t\t\t\t\t\t<section class=\"elementor-section elementor-top-section elementor-element elementor-element-fc91d31 elementor-section-boxed elementor-section-height-default elementor-section-height-default\" data-id=\"fc91d31\" data-element_type=\"section\" data-e-type=\"section\" data-settings=\"{&quot;background_background&quot;:&quot;classic&quot;}\">\n\t\t\t\t\t\t\t<div class=\"elementor-background-overlay\"><\/div>\n\t\t\t\t\t\t\t<div class=\"elementor-container elementor-column-gap-default\">\n\t\t\t\t\t<div class=\"elementor-column elementor-col-100 elementor-top-column elementor-element elementor-element-84b1e6b\" data-id=\"84b1e6b\" data-element_type=\"column\" data-e-type=\"column\">\n\t\t\t<div class=\"elementor-widget-wrap elementor-element-populated\">\n\t\t\t\t\t\t<div class=\"elementor-element elementor-element-67dfb63 elementor-widget elementor-widget-heading\" data-id=\"67dfb63\" data-element_type=\"widget\" data-e-type=\"widget\" data-widget_type=\"heading.default\">\n\t\t\t\t<div class=\"elementor-widget-container\">\n\t\t\t\t\t<h2 class=\"elementor-heading-title elementor-size-default\">Aviso legal<\/h2>\t\t\t\t<\/div>\n\t\t\t\t<\/div>\n\t\t\t\t\t<\/div>\n\t\t<\/div>\n\t\t\t\t\t<\/div>\n\t\t<\/section>\n\t\t\t\t<section class=\"elementor-section elementor-top-section elementor-element elementor-element-d4c9573 elementor-section-content-middle elementor-reverse-tablet elementor-reverse-mobile elementor-section-boxed elementor-section-height-default elementor-section-height-default\" data-id=\"d4c9573\" data-element_type=\"section\" data-e-type=\"section\">\n\t\t\t\t\t\t<div class=\"elementor-container elementor-column-gap-default\">\n\t\t\t\t\t<div class=\"elementor-column elementor-col-100 elementor-top-column elementor-element elementor-element-0a90ea9\" data-id=\"0a90ea9\" data-element_type=\"column\" data-e-type=\"column\">\n\t\t\t<div class=\"elementor-widget-wrap elementor-element-populated\">\n\t\t\t\t\t\t<div class=\"elementor-element elementor-element-15c2bab elementor-widget elementor-widget-text-editor\" data-id=\"15c2bab\" data-element_type=\"widget\" data-e-type=\"widget\" data-widget_type=\"text-editor.default\">\n\t\t\t\t<div class=\"elementor-widget-container\">\n\t\t\t\t\t\t\t\t\t<p>De conformidad con la Ley 34\/2002, de Servicios de la Sociedad de la Informaci\u00f3n y de Comercio Electr\u00f3nico, le informamos que esta web es titularidad de Efarma, (en adelante \u201cEL TITULAR\u201d), con domicilio en Barcelona; tel\u00e9fono 676 26 37 30<\/p><p>PROPIEDAD INTELECTUAL E INDUSTRIAL<\/p><p>Los contenidos de este sitio, incluyendo los textos, im\u00e1genes y dise\u00f1os gr\u00e1ficos, pertenecen al TITULAR, oa terceros que han autorizado su uso. EL TITULAR presenta estos contenidos con fines de informaci\u00f3n y promoci\u00f3n. EL TITULAR autoriza su utilizaci\u00f3n exclusivamente con estas finalidades. Cualquier utilizaci\u00f3n de estos dise\u00f1os, im\u00e1genes o textos deber\u00e1 citar expresamente su pertenencia al TITULAR, quien se reserva el derecho a iniciar las acciones legales oportunas para reparar los da\u00f1os y perjuicios causados \u200b\u200bpor cualquier acto que vulnere sus derechos de propiedad intelectual intelectual o industrial.<\/p><p>EXCLUSI\u00d3N DE RESPONSABILIDAD<\/p><p>EL TITULAR act\u00faa con la m\u00e1xima diligencia posible para que los datos y la informaci\u00f3n que ofrece en su sitio web est\u00e9 actualizado en todo momento, si bien no garantiza ni se hace responsable de la exactitud y actualizaci\u00f3n de los contenidos del sitio web, reserv\u00e1ndose derecho a modificar estos contenidos en cualquier momento. EL TITULAR tampoco ser\u00e1 responsable de la informaci\u00f3n que pueda obtenerse a trav\u00e9s de enlaces incluidos en el sitio web.<\/p><p>Las relaciones comerciales con los clientes se regir\u00e1n por las Condiciones Generales que, en su caso, se establezcan por el TITULAR en un documento espec\u00edfico al efecto, o por los pactos concretos que pudieran acordarse con los clientes.<\/p><p>CONDICIONES DE USO<\/p><p>El uso de este sitio web implica la aceptaci\u00f3n plena de los t\u00e9rminos del presente aviso legal. Los posibles conflictos relativos a esta web se regir\u00e1n exclusivamente por el derecho del Estado Espa\u00f1ol. Toda persona usuaria de la web, independientemente de la jurisdicci\u00f3n territorial desde la que se produzca su acceso, acepta el cumplimiento y respeto de estas cl\u00e1usulas con renuncia expresa a cualquier otro fuero que pudiera corresponderle.<\/p>\t\t\t\t\t\t\t\t<\/div>\n\t\t\t\t<\/div>\n\t\t\t\t\t<\/div>\n\t\t<\/div>\n\t\t\t\t\t<\/div>\n\t\t<\/section>\n\t\t\t\t<\/div>","protected":false},"excerpt":{"rendered":"<p>Aviso legal De conformidad con la Ley 34\/2002, de Servicios de la Sociedad de la Informaci\u00f3n y de Comercio Electr\u00f3nico, le informamos que esta web es titularidad de Efarma, (en adelante \u201cEL TITULAR\u201d), con domicilio en Barcelona; tel\u00e9fono 676 26 37 30 PROPIEDAD INTELECTUAL E INDUSTRIAL Los contenidos de este sitio, incluyendo los textos, im\u00e1genes y dise\u00f1os\u2026&nbsp;<a href=\"https:\/\/envasesfarmaceuticos.com\/es\/aviso-legal\/\" rel=\"bookmark\"><span class=\"screen-reader-text\">Aviso legal<\/span><\/a><\/p>","protected":false},"author":1,"featured_media":0,"parent":0,"menu_order":6,"comment_status":"closed","ping_status":"closed","template":"page-templates\/template-pagebuilder-full-width.php","meta":{"om_disable_all_campaigns":false,"_monsterinsights_skip_tracking":false,"_monsterinsights_sitenote_active":false,"_monsterinsights_sitenote_note":"","_monsterinsights_sitenote_category":0,"_uf_show_specific_survey":0,"_uf_disable_surveys":false,"neve_meta_sidebar":"","neve_meta_container":"","neve_meta_enable_content_width":"off","neve_meta_content_width":100,"neve_meta_title_alignment":"","neve_meta_author_avatar":"","neve_post_elements_order":"","neve_meta_disable_header":"","neve_meta_disable_footer":"","neve_meta_disable_title":"","footnotes":""},"class_list":["post-610","page","type-page","status-publish","hentry"],"acf":[],"aioseo_notices":[],"_links":{"self":[{"href":"https:\/\/envasesfarmaceuticos.com\/es\/wp-json\/wp\/v2\/pages\/610","targetHints":{"allow":["GET"]}}],"collection":[{"href":"https:\/\/envasesfarmaceuticos.com\/es\/wp-json\/wp\/v2\/pages"}],"about":[{"href":"https:\/\/envasesfarmaceuticos.com\/es\/wp-json\/wp\/v2\/types\/page"}],"author":[{"embeddable":true,"href":"https:\/\/envasesfarmaceuticos.com\/es\/wp-json\/wp\/v2\/users\/1"}],"replies":[{"embeddable":true,"href":"https:\/\/envasesfarmaceuticos.com\/es\/wp-json\/wp\/v2\/comments?post=610"}],"version-history":[{"count":24,"href":"https:\/\/envasesfarmaceuticos.com\/es\/wp-json\/wp\/v2\/pages\/610\/revisions"}],"predecessor-version":[{"id":2638,"href":"https:\/\/envasesfarmaceuticos.com\/es\/wp-json\/wp\/v2\/pages\/610\/revisions\/2638"}],"wp:attachment":[{"href":"https:\/\/envasesfarmaceuticos.com\/es\/wp-json\/wp\/v2\/media?parent=610"}],"curies":[{"name":"wp","href":"https:\/\/api.w.org\/{rel}","templated":true}]}}