{"id":1860,"date":"2024-03-15T13:23:15","date_gmt":"2024-03-15T12:23:15","guid":{"rendered":"https:\/\/envasesfarmaceuticos.com\/?post_type=product&#038;p=1860"},"modified":"2024-06-12T10:24:32","modified_gmt":"2024-06-12T08:24:32","slug":"tap-precinte-superior-20mm","status":"publish","type":"product","link":"https:\/\/envasesfarmaceuticos.com\/es\/product\/tap-precinte-superior-20mm\/","title":{"rendered":"TAP\u00d3N PRECINTO SUPERIOR 20mm"},"content":{"rendered":"<p>Apto para uso farmac\u00e9utico y cosm\u00e9tico. Tap\u00f3n para soluciones orales, f\u00f3rmulas magistrales, principios activos, soluciones capilares, faciales, corporales, sueros, concentrados y muestras de laboratorio, entre otros.<\/p>","protected":false},"excerpt":{"rendered":"<p>Tap\u00f3n de polietileno con precinto de apertura en la parte superior, destinado a viales con boca de 20mm de di\u00e1metro. Color blanco.<\/p>","protected":false},"featured_media":1861,"template":"","meta":{"om_disable_all_campaigns":false,"_monsterinsights_skip_tracking":false,"_monsterinsights_sitenote_active":false,"_monsterinsights_sitenote_note":"","_monsterinsights_sitenote_category":0,"_uf_show_specific_survey":0,"_uf_disable_surveys":false,"neve_meta_sidebar":"","neve_meta_container":"","neve_meta_enable_content_width":"off","neve_meta_content_width":100,"neve_meta_title_alignment":"","neve_meta_author_avatar":"","neve_post_elements_order":"","neve_meta_disable_header":"","neve_meta_disable_footer":"","neve_meta_disable_title":""},"product_brand":[],"product_cat":[66],"product_tag":[],"class_list":{"0":"post-1860","1":"product","2":"type-product","3":"status-publish","4":"has-post-thumbnail","6":"product_cat-tapones","8":"first","9":"instock","10":"shipping-taxable","11":"product-type-variable"},"acf":[],"aioseo_notices":[],"_links":{"self":[{"href":"https:\/\/envasesfarmaceuticos.com\/es\/wp-json\/wp\/v2\/product\/1860","targetHints":{"allow":["GET"]}}],"collection":[{"href":"https:\/\/envasesfarmaceuticos.com\/es\/wp-json\/wp\/v2\/product"}],"about":[{"href":"https:\/\/envasesfarmaceuticos.com\/es\/wp-json\/wp\/v2\/types\/product"}],"wp:featuredmedia":[{"embeddable":true,"href":"https:\/\/envasesfarmaceuticos.com\/es\/wp-json\/wp\/v2\/media\/1861"}],"wp:attachment":[{"href":"https:\/\/envasesfarmaceuticos.com\/es\/wp-json\/wp\/v2\/media?parent=1860"}],"wp:term":[{"taxonomy":"product_brand","embeddable":true,"href":"https:\/\/envasesfarmaceuticos.com\/es\/wp-json\/wp\/v2\/product_brand?post=1860"},{"taxonomy":"product_cat","embeddable":true,"href":"https:\/\/envasesfarmaceuticos.com\/es\/wp-json\/wp\/v2\/product_cat?post=1860"},{"taxonomy":"product_tag","embeddable":true,"href":"https:\/\/envasesfarmaceuticos.com\/es\/wp-json\/wp\/v2\/product_tag?post=1860"}],"curies":[{"name":"wp","href":"https:\/\/api.w.org\/{rel}","templated":true}]}}