{"id":2697,"date":"2024-05-15T12:49:21","date_gmt":"2024-05-15T10:49:21","guid":{"rendered":"https:\/\/envasesfarmaceuticos.com\/?post_type=product&#038;p=2697"},"modified":"2025-03-27T12:23:51","modified_gmt":"2025-03-27T11:23:51","slug":"aplicador-comptagotes-20mm-sense-tap","status":"publish","type":"product","link":"https:\/\/envasesfarmaceuticos.com\/es\/product\/aplicador-comptagotes-20mm-sense-tap\/","title":{"rendered":"APLICADOR CUENTAGOTAS 20mm SIN TAP\u00d3N"},"content":{"rendered":"<p>Apto para uso farmac\u00e9utico y cosm\u00e9tico. Tap\u00f3n para soluciones orales que requieran de sistema gota a gota, ya sea para soluciones capilares, faciales y corporales; s\u00e9rums, concentrados y muestras de laboratorio, entre otros.<\/p>","protected":false},"excerpt":{"rendered":"<p>Sistema aplicador a cuentagotas para viales de boca 20mm a presi\u00f3n. Color natural.<\/p>","protected":false},"featured_media":2699,"template":"","meta":{"om_disable_all_campaigns":false,"_monsterinsights_skip_tracking":false,"_monsterinsights_sitenote_active":false,"_monsterinsights_sitenote_note":"","_monsterinsights_sitenote_category":0,"_uf_show_specific_survey":0,"_uf_disable_surveys":false,"neve_meta_sidebar":"","neve_meta_container":"","neve_meta_enable_content_width":"off","neve_meta_content_width":100,"neve_meta_title_alignment":"","neve_meta_author_avatar":"","neve_post_elements_order":"","neve_meta_disable_header":"","neve_meta_disable_footer":"","neve_meta_disable_title":""},"product_brand":[],"product_cat":[66,222],"product_tag":[],"class_list":{"0":"post-2697","1":"product","2":"type-product","3":"status-publish","4":"has-post-thumbnail","6":"product_cat-tapones","7":"product_cat-comptagotes","9":"first","10":"instock","11":"shipping-taxable","12":"product-type-variable"},"acf":[],"aioseo_notices":[],"_links":{"self":[{"href":"https:\/\/envasesfarmaceuticos.com\/es\/wp-json\/wp\/v2\/product\/2697","targetHints":{"allow":["GET"]}}],"collection":[{"href":"https:\/\/envasesfarmaceuticos.com\/es\/wp-json\/wp\/v2\/product"}],"about":[{"href":"https:\/\/envasesfarmaceuticos.com\/es\/wp-json\/wp\/v2\/types\/product"}],"wp:featuredmedia":[{"embeddable":true,"href":"https:\/\/envasesfarmaceuticos.com\/es\/wp-json\/wp\/v2\/media\/2699"}],"wp:attachment":[{"href":"https:\/\/envasesfarmaceuticos.com\/es\/wp-json\/wp\/v2\/media?parent=2697"}],"wp:term":[{"taxonomy":"product_brand","embeddable":true,"href":"https:\/\/envasesfarmaceuticos.com\/es\/wp-json\/wp\/v2\/product_brand?post=2697"},{"taxonomy":"product_cat","embeddable":true,"href":"https:\/\/envasesfarmaceuticos.com\/es\/wp-json\/wp\/v2\/product_cat?post=2697"},{"taxonomy":"product_tag","embeddable":true,"href":"https:\/\/envasesfarmaceuticos.com\/es\/wp-json\/wp\/v2\/product_tag?post=2697"}],"curies":[{"name":"wp","href":"https:\/\/api.w.org\/{rel}","templated":true}]}}