{"id":2750,"date":"2024-05-17T13:28:17","date_gmt":"2024-05-17T11:28:17","guid":{"rendered":"https:\/\/envasesfarmaceuticos.com\/?post_type=product&#038;p=2750"},"modified":"2024-07-29T11:22:07","modified_gmt":"2024-07-29T09:22:07","slug":"aplicador-comptagotes-amb-tap-per-ampolla-de-vidre-10mm-2","status":"publish","type":"product","link":"https:\/\/envasesfarmaceuticos.com\/es\/product\/aplicador-comptagotes-amb-tap-per-ampolla-de-vidre-10mm-2\/","title":{"rendered":"APLICADOR CUENTAGOTAS CON TAP\u00d3N PARA AMPOLLA DE VIDRIO &gt; 10mm"},"content":{"rendered":"<p>Aplicador cuentagotas para ampollas de vidrio con un di\u00e1metro m\u00ednimo de 10mm. Apto para uso farmac\u00e9utico y cosm\u00e9tico. Permite la dispensa de productos vitam\u00ednicos, minerales, sedantes, medicaci\u00f3n general, sueros capilares y tratamientos cosm\u00e9ticos, entre otros.<\/p>","protected":false},"excerpt":{"rendered":"<p>Aplicador cuentagotas para ampollas de vidrio de m\u00ednimo 10mm de di\u00e1metro. Con tap\u00f3n incorporado. Color natural.<\/p>","protected":false},"featured_media":2753,"template":"","meta":{"om_disable_all_campaigns":false,"_monsterinsights_skip_tracking":false,"_monsterinsights_sitenote_active":false,"_monsterinsights_sitenote_note":"","_monsterinsights_sitenote_category":0,"_uf_show_specific_survey":0,"_uf_disable_surveys":false,"neve_meta_sidebar":"","neve_meta_container":"","neve_meta_enable_content_width":"off","neve_meta_content_width":100,"neve_meta_title_alignment":"","neve_meta_author_avatar":"","neve_post_elements_order":"","neve_meta_disable_header":"","neve_meta_disable_footer":"","neve_meta_disable_title":""},"product_brand":[],"product_cat":[66],"product_tag":[],"class_list":{"0":"post-2750","1":"product","2":"type-product","3":"status-publish","4":"has-post-thumbnail","6":"product_cat-tapones","8":"first","9":"instock","10":"shipping-taxable","11":"product-type-variable"},"acf":[],"aioseo_notices":[],"_links":{"self":[{"href":"https:\/\/envasesfarmaceuticos.com\/es\/wp-json\/wp\/v2\/product\/2750","targetHints":{"allow":["GET"]}}],"collection":[{"href":"https:\/\/envasesfarmaceuticos.com\/es\/wp-json\/wp\/v2\/product"}],"about":[{"href":"https:\/\/envasesfarmaceuticos.com\/es\/wp-json\/wp\/v2\/types\/product"}],"wp:featuredmedia":[{"embeddable":true,"href":"https:\/\/envasesfarmaceuticos.com\/es\/wp-json\/wp\/v2\/media\/2753"}],"wp:attachment":[{"href":"https:\/\/envasesfarmaceuticos.com\/es\/wp-json\/wp\/v2\/media?parent=2750"}],"wp:term":[{"taxonomy":"product_brand","embeddable":true,"href":"https:\/\/envasesfarmaceuticos.com\/es\/wp-json\/wp\/v2\/product_brand?post=2750"},{"taxonomy":"product_cat","embeddable":true,"href":"https:\/\/envasesfarmaceuticos.com\/es\/wp-json\/wp\/v2\/product_cat?post=2750"},{"taxonomy":"product_tag","embeddable":true,"href":"https:\/\/envasesfarmaceuticos.com\/es\/wp-json\/wp\/v2\/product_tag?post=2750"}],"curies":[{"name":"wp","href":"https:\/\/api.w.org\/{rel}","templated":true}]}}