{"id":2939,"date":"2024-07-12T12:44:54","date_gmt":"2024-07-12T10:44:54","guid":{"rendered":"https:\/\/envasesfarmaceuticos.com\/?post_type=product&#038;p=2939"},"modified":"2024-07-12T12:49:31","modified_gmt":"2024-07-12T10:49:31","slug":"ampolla-hdpe-100ml-3","status":"publish","type":"product","link":"https:\/\/envasesfarmaceuticos.com\/es\/product\/ampolla-hdpe-100ml-3\/","title":{"rendered":"BOTELLA HDPE 100ml"},"content":{"rendered":"<p>Apto para uso farmac\u00e9utico y cosm\u00e9tico. Botella utilizada para soluciones orales, jarabes, f\u00f3rmulas magistrales, principios activos, muestras de laboratorio y medicamentos; adem\u00e1s de productos l\u00edquidos y semiliquidos para cosm\u00e9tica, entre otros.<\/p>","protected":false},"excerpt":{"rendered":"<p>Botella HDPE 100ml cuello PP28. Color blanco.<\/p>","protected":false},"featured_media":2942,"template":"","meta":{"om_disable_all_campaigns":false,"_monsterinsights_skip_tracking":false,"_monsterinsights_sitenote_active":false,"_monsterinsights_sitenote_note":"","_monsterinsights_sitenote_category":0,"_uf_show_specific_survey":0,"_uf_disable_surveys":false,"neve_meta_sidebar":"","neve_meta_container":"","neve_meta_enable_content_width":"off","neve_meta_content_width":100,"neve_meta_title_alignment":"","neve_meta_author_avatar":"","neve_post_elements_order":"","neve_meta_disable_header":"","neve_meta_disable_footer":"","neve_meta_disable_title":""},"product_brand":[],"product_cat":[65],"product_tag":[],"class_list":{"0":"post-2939","1":"product","2":"type-product","3":"status-publish","4":"has-post-thumbnail","6":"product_cat-botellas","8":"first","9":"instock","10":"shipping-taxable","11":"product-type-variable"},"acf":[],"aioseo_notices":[],"_links":{"self":[{"href":"https:\/\/envasesfarmaceuticos.com\/es\/wp-json\/wp\/v2\/product\/2939","targetHints":{"allow":["GET"]}}],"collection":[{"href":"https:\/\/envasesfarmaceuticos.com\/es\/wp-json\/wp\/v2\/product"}],"about":[{"href":"https:\/\/envasesfarmaceuticos.com\/es\/wp-json\/wp\/v2\/types\/product"}],"wp:featuredmedia":[{"embeddable":true,"href":"https:\/\/envasesfarmaceuticos.com\/es\/wp-json\/wp\/v2\/media\/2942"}],"wp:attachment":[{"href":"https:\/\/envasesfarmaceuticos.com\/es\/wp-json\/wp\/v2\/media?parent=2939"}],"wp:term":[{"taxonomy":"product_brand","embeddable":true,"href":"https:\/\/envasesfarmaceuticos.com\/es\/wp-json\/wp\/v2\/product_brand?post=2939"},{"taxonomy":"product_cat","embeddable":true,"href":"https:\/\/envasesfarmaceuticos.com\/es\/wp-json\/wp\/v2\/product_cat?post=2939"},{"taxonomy":"product_tag","embeddable":true,"href":"https:\/\/envasesfarmaceuticos.com\/es\/wp-json\/wp\/v2\/product_tag?post=2939"}],"curies":[{"name":"wp","href":"https:\/\/api.w.org\/{rel}","templated":true}]}}