{"id":2959,"date":"2024-07-26T11:09:54","date_gmt":"2024-07-26T09:09:54","guid":{"rendered":"https:\/\/envasesfarmaceuticos.com\/?post_type=product&#038;p=2959"},"modified":"2025-03-25T10:24:31","modified_gmt":"2025-03-25T09:24:31","slug":"ampolla-2ml-topazi","status":"publish","type":"product","link":"https:\/\/envasesfarmaceuticos.com\/es\/product\/ampolla-2ml-topazi\/","title":{"rendered":"AMPOLLA 2ml TOPACIO"},"content":{"rendered":"<p>Apto para uso farmac\u00e9utico y cosm\u00e9tico. Tipo de envase a prueba de manipulaciones y con alta resistencia qu\u00edmica. Utilizado para el acondicionamiento de f\u00e1rmacos, medicaci\u00f3n y soluciones l\u00edquidas que requieren una alta protecci\u00f3n y conservaci\u00f3n. Permite la dispensa de productos vitam\u00ednicos, minerales, sedantes, soluciones est\u00e9riles, soluciones hidratantes, sueros capilares y protecci\u00f3n dermatol\u00f3gica, entre otros.<\/p>","protected":false},"excerpt":{"rendered":"<p>Ampolla de vidrio tipo I de 2ml de capacidad y forma C. Disponible en color topacio.<\/p>","protected":false},"featured_media":2967,"template":"","meta":{"om_disable_all_campaigns":false,"_monsterinsights_skip_tracking":false,"_monsterinsights_sitenote_active":false,"_monsterinsights_sitenote_note":"","_monsterinsights_sitenote_category":0,"_uf_show_specific_survey":0,"_uf_disable_surveys":false,"neve_meta_sidebar":"","neve_meta_container":"","neve_meta_enable_content_width":"off","neve_meta_content_width":100,"neve_meta_title_alignment":"","neve_meta_author_avatar":"","neve_post_elements_order":"","neve_meta_disable_header":"","neve_meta_disable_footer":"","neve_meta_disable_title":""},"product_brand":[],"product_cat":[67],"product_tag":[],"class_list":{"0":"post-2959","1":"product","2":"type-product","3":"status-publish","4":"has-post-thumbnail","6":"product_cat-viales-y-ampollas","8":"first","9":"instock","10":"shipping-taxable","11":"product-type-variable"},"acf":[],"aioseo_notices":[],"_links":{"self":[{"href":"https:\/\/envasesfarmaceuticos.com\/es\/wp-json\/wp\/v2\/product\/2959","targetHints":{"allow":["GET"]}}],"collection":[{"href":"https:\/\/envasesfarmaceuticos.com\/es\/wp-json\/wp\/v2\/product"}],"about":[{"href":"https:\/\/envasesfarmaceuticos.com\/es\/wp-json\/wp\/v2\/types\/product"}],"wp:featuredmedia":[{"embeddable":true,"href":"https:\/\/envasesfarmaceuticos.com\/es\/wp-json\/wp\/v2\/media\/2967"}],"wp:attachment":[{"href":"https:\/\/envasesfarmaceuticos.com\/es\/wp-json\/wp\/v2\/media?parent=2959"}],"wp:term":[{"taxonomy":"product_brand","embeddable":true,"href":"https:\/\/envasesfarmaceuticos.com\/es\/wp-json\/wp\/v2\/product_brand?post=2959"},{"taxonomy":"product_cat","embeddable":true,"href":"https:\/\/envasesfarmaceuticos.com\/es\/wp-json\/wp\/v2\/product_cat?post=2959"},{"taxonomy":"product_tag","embeddable":true,"href":"https:\/\/envasesfarmaceuticos.com\/es\/wp-json\/wp\/v2\/product_tag?post=2959"}],"curies":[{"name":"wp","href":"https:\/\/api.w.org\/{rel}","templated":true}]}}