{"id":3419,"date":"2025-03-25T11:04:28","date_gmt":"2025-03-25T10:04:28","guid":{"rendered":"https:\/\/envasesfarmaceuticos.com\/?post_type=product&#038;p=3419"},"modified":"2025-03-25T11:28:48","modified_gmt":"2025-03-25T10:28:48","slug":"cuentagotas-pp-30ml","status":"publish","type":"product","link":"https:\/\/envasesfarmaceuticos.com\/es\/product\/cuentagotas-pp-30ml\/","title":{"rendered":"CUENTAGOTAS PP 30ml"},"content":{"rendered":"<p>Apto para distintos usos cosm\u00e9ticos y farmac\u00e9uticos. Sistema a cuentagotas que permite una dosificaci\u00f3n m\u00e1s precisa. Utilizado para soluciones capilares, faciales y corporales; sueros y aceites esenciales entre otros.<\/p>","protected":false},"excerpt":{"rendered":"<p>Tap\u00f3n con pipeta cuentagotas apto para frascos de vidrio de rosca DIN18. Disponible en blanco y negro.<\/p>","protected":false},"featured_media":3169,"template":"","meta":{"om_disable_all_campaigns":false,"_monsterinsights_skip_tracking":false,"_monsterinsights_sitenote_active":false,"_monsterinsights_sitenote_note":"","_monsterinsights_sitenote_category":0,"_uf_show_specific_survey":0,"_uf_disable_surveys":false,"neve_meta_sidebar":"","neve_meta_container":"","neve_meta_enable_content_width":"off","neve_meta_content_width":100,"neve_meta_title_alignment":"","neve_meta_author_avatar":"","neve_post_elements_order":"","neve_meta_disable_header":"","neve_meta_disable_footer":"","neve_meta_disable_title":""},"product_brand":[],"product_cat":[222],"product_tag":[],"class_list":{"0":"post-3419","1":"product","2":"type-product","3":"status-publish","4":"has-post-thumbnail","6":"product_cat-comptagotes","8":"first","9":"instock","10":"shipping-taxable","11":"product-type-variable"},"acf":[],"aioseo_notices":[],"_links":{"self":[{"href":"https:\/\/envasesfarmaceuticos.com\/es\/wp-json\/wp\/v2\/product\/3419","targetHints":{"allow":["GET"]}}],"collection":[{"href":"https:\/\/envasesfarmaceuticos.com\/es\/wp-json\/wp\/v2\/product"}],"about":[{"href":"https:\/\/envasesfarmaceuticos.com\/es\/wp-json\/wp\/v2\/types\/product"}],"wp:featuredmedia":[{"embeddable":true,"href":"https:\/\/envasesfarmaceuticos.com\/es\/wp-json\/wp\/v2\/media\/3169"}],"wp:attachment":[{"href":"https:\/\/envasesfarmaceuticos.com\/es\/wp-json\/wp\/v2\/media?parent=3419"}],"wp:term":[{"taxonomy":"product_brand","embeddable":true,"href":"https:\/\/envasesfarmaceuticos.com\/es\/wp-json\/wp\/v2\/product_brand?post=3419"},{"taxonomy":"product_cat","embeddable":true,"href":"https:\/\/envasesfarmaceuticos.com\/es\/wp-json\/wp\/v2\/product_cat?post=3419"},{"taxonomy":"product_tag","embeddable":true,"href":"https:\/\/envasesfarmaceuticos.com\/es\/wp-json\/wp\/v2\/product_tag?post=3419"}],"curies":[{"name":"wp","href":"https:\/\/api.w.org\/{rel}","templated":true}]}}