{"id":3456,"date":"2025-03-27T13:20:54","date_gmt":"2025-03-27T12:20:54","guid":{"rendered":"https:\/\/envasesfarmaceuticos.com\/?post_type=product&#038;p=3456"},"modified":"2025-07-24T10:57:26","modified_gmt":"2025-07-24T08:57:26","slug":"bomba-polvoritzadora-24-410-negra-estriada","status":"publish","type":"product","link":"https:\/\/envasesfarmaceuticos.com\/es\/product\/bomba-polvoritzadora-24-410-negra-estriada\/","title":{"rendered":"BOMBA PULVERIZADORA 24\/410 NEGRA ESTRIADA"},"content":{"rendered":"<p>Apto para uso farmac\u00e9utico y cosm\u00e9tico. Bomba pulverizadora para soluciones l\u00edquidas, sprays para maquillaje, t\u00f3nicos faciales, productos capilares, sprays hidratantes, protectores solares, aceites en spray, sprays corporales, tratamientos cosm\u00e9ticos y fragancias, entre otros.<\/p>","protected":false},"excerpt":{"rendered":"<p>Bomba pulverizadora rosca 24\/410 color negro estriada con capuch\u00f3n negro transl\u00facido.<\/p>","protected":false},"featured_media":3449,"template":"","meta":{"om_disable_all_campaigns":false,"_monsterinsights_skip_tracking":false,"_monsterinsights_sitenote_active":false,"_monsterinsights_sitenote_note":"","_monsterinsights_sitenote_category":0,"_uf_show_specific_survey":0,"_uf_disable_surveys":false,"neve_meta_sidebar":"","neve_meta_container":"","neve_meta_enable_content_width":"off","neve_meta_content_width":100,"neve_meta_title_alignment":"","neve_meta_author_avatar":"","neve_post_elements_order":"","neve_meta_disable_header":"","neve_meta_disable_footer":"","neve_meta_disable_title":""},"product_brand":[],"product_cat":[215],"product_tag":[],"class_list":{"0":"post-3456","1":"product","2":"type-product","3":"status-publish","4":"has-post-thumbnail","6":"product_cat-bombes","8":"first","9":"instock","10":"shipping-taxable","11":"product-type-variable"},"acf":[],"aioseo_notices":[],"_links":{"self":[{"href":"https:\/\/envasesfarmaceuticos.com\/es\/wp-json\/wp\/v2\/product\/3456","targetHints":{"allow":["GET"]}}],"collection":[{"href":"https:\/\/envasesfarmaceuticos.com\/es\/wp-json\/wp\/v2\/product"}],"about":[{"href":"https:\/\/envasesfarmaceuticos.com\/es\/wp-json\/wp\/v2\/types\/product"}],"wp:featuredmedia":[{"embeddable":true,"href":"https:\/\/envasesfarmaceuticos.com\/es\/wp-json\/wp\/v2\/media\/3449"}],"wp:attachment":[{"href":"https:\/\/envasesfarmaceuticos.com\/es\/wp-json\/wp\/v2\/media?parent=3456"}],"wp:term":[{"taxonomy":"product_brand","embeddable":true,"href":"https:\/\/envasesfarmaceuticos.com\/es\/wp-json\/wp\/v2\/product_brand?post=3456"},{"taxonomy":"product_cat","embeddable":true,"href":"https:\/\/envasesfarmaceuticos.com\/es\/wp-json\/wp\/v2\/product_cat?post=3456"},{"taxonomy":"product_tag","embeddable":true,"href":"https:\/\/envasesfarmaceuticos.com\/es\/wp-json\/wp\/v2\/product_tag?post=3456"}],"curies":[{"name":"wp","href":"https:\/\/api.w.org\/{rel}","templated":true}]}}