{"id":3525,"date":"2025-04-01T13:05:57","date_gmt":"2025-04-01T11:05:57","guid":{"rendered":"https:\/\/envasesfarmaceuticos.com\/?post_type=product&#038;p=3525"},"modified":"2025-07-24T11:09:15","modified_gmt":"2025-07-24T09:09:15","slug":"bomba-dosificadora-24-410-lisa","status":"publish","type":"product","link":"https:\/\/envasesfarmaceuticos.com\/es\/product\/bomba-dosificadora-24-410-lisa\/","title":{"rendered":"BOMBA DOSIFICADORA 24\/410 LISA"},"content":{"rendered":"<p>Apto para uso farmac\u00e9utico y cosm\u00e9tico. Bomba dosificadora para soluciones l\u00edquidas y semil\u00edquidas, cremas faciales y corporales, productos capilares, contornos de ojos, protectores solares, lociones y soluciones cosm\u00e9ticas, perfumes, jabones y champ\u00fas, geles sanitizantes, tratamientos con \u00e1cidos o exfoliantes l\u00edquidos, entre otros.<\/p>","protected":false},"excerpt":{"rendered":"<p>Bomba dosificadora rosca 24\/410 lisa color natural lechoso.<\/p>","protected":false},"featured_media":3527,"template":"","meta":{"om_disable_all_campaigns":false,"_monsterinsights_skip_tracking":false,"_monsterinsights_sitenote_active":false,"_monsterinsights_sitenote_note":"","_monsterinsights_sitenote_category":0,"_uf_show_specific_survey":0,"_uf_disable_surveys":false,"neve_meta_sidebar":"","neve_meta_container":"","neve_meta_enable_content_width":"off","neve_meta_content_width":100,"neve_meta_title_alignment":"","neve_meta_author_avatar":"","neve_post_elements_order":"","neve_meta_disable_header":"","neve_meta_disable_footer":"","neve_meta_disable_title":""},"product_brand":[],"product_cat":[215],"product_tag":[],"class_list":{"0":"post-3525","1":"product","2":"type-product","3":"status-publish","4":"has-post-thumbnail","6":"product_cat-bombes","8":"first","9":"instock","10":"shipping-taxable","11":"product-type-variable"},"acf":[],"aioseo_notices":[],"_links":{"self":[{"href":"https:\/\/envasesfarmaceuticos.com\/es\/wp-json\/wp\/v2\/product\/3525","targetHints":{"allow":["GET"]}}],"collection":[{"href":"https:\/\/envasesfarmaceuticos.com\/es\/wp-json\/wp\/v2\/product"}],"about":[{"href":"https:\/\/envasesfarmaceuticos.com\/es\/wp-json\/wp\/v2\/types\/product"}],"wp:featuredmedia":[{"embeddable":true,"href":"https:\/\/envasesfarmaceuticos.com\/es\/wp-json\/wp\/v2\/media\/3527"}],"wp:attachment":[{"href":"https:\/\/envasesfarmaceuticos.com\/es\/wp-json\/wp\/v2\/media?parent=3525"}],"wp:term":[{"taxonomy":"product_brand","embeddable":true,"href":"https:\/\/envasesfarmaceuticos.com\/es\/wp-json\/wp\/v2\/product_brand?post=3525"},{"taxonomy":"product_cat","embeddable":true,"href":"https:\/\/envasesfarmaceuticos.com\/es\/wp-json\/wp\/v2\/product_cat?post=3525"},{"taxonomy":"product_tag","embeddable":true,"href":"https:\/\/envasesfarmaceuticos.com\/es\/wp-json\/wp\/v2\/product_tag?post=3525"}],"curies":[{"name":"wp","href":"https:\/\/api.w.org\/{rel}","templated":true}]}}