{"id":3574,"date":"2025-04-14T11:10:24","date_gmt":"2025-04-14T09:10:24","guid":{"rendered":"https:\/\/envasesfarmaceuticos.com\/?post_type=product&#038;p=3574"},"modified":"2025-04-14T11:20:18","modified_gmt":"2025-04-14T09:20:18","slug":"tap-disc-top-24-410-vermell","status":"publish","type":"product","link":"https:\/\/envasesfarmaceuticos.com\/es\/product\/tap-disc-top-24-410-vermell\/","title":{"rendered":"TAP\u00d3N DISCO TOP 24\/410 ROJO"},"content":{"rendered":"<p>Apto para uso farmac\u00e9utico y cosm\u00e9tico. Tap\u00f3n para champ\u00fas y acondicionadores, cremas corporales y faciales, aceites capilares, jabones l\u00edquidos, protectores solares, pomadas, medicamentos en hielo, desinfectantes en hielo o geles antibacterianos, entre otros.<\/p>","protected":false},"excerpt":{"rendered":"<p>Tap\u00f3n disco top con rosca 24\/410.<\/p>","protected":false},"featured_media":3569,"template":"","meta":{"om_disable_all_campaigns":false,"_monsterinsights_skip_tracking":false,"_monsterinsights_sitenote_active":false,"_monsterinsights_sitenote_note":"","_monsterinsights_sitenote_category":0,"_uf_show_specific_survey":0,"_uf_disable_surveys":false,"neve_meta_sidebar":"","neve_meta_container":"","neve_meta_enable_content_width":"off","neve_meta_content_width":100,"neve_meta_title_alignment":"","neve_meta_author_avatar":"","neve_post_elements_order":"","neve_meta_disable_header":"","neve_meta_disable_footer":"","neve_meta_disable_title":""},"product_brand":[],"product_cat":[66],"product_tag":[],"class_list":{"0":"post-3574","1":"product","2":"type-product","3":"status-publish","4":"has-post-thumbnail","6":"product_cat-tapones","8":"first","9":"instock","10":"shipping-taxable","11":"product-type-variable"},"acf":[],"aioseo_notices":[],"_links":{"self":[{"href":"https:\/\/envasesfarmaceuticos.com\/es\/wp-json\/wp\/v2\/product\/3574","targetHints":{"allow":["GET"]}}],"collection":[{"href":"https:\/\/envasesfarmaceuticos.com\/es\/wp-json\/wp\/v2\/product"}],"about":[{"href":"https:\/\/envasesfarmaceuticos.com\/es\/wp-json\/wp\/v2\/types\/product"}],"wp:featuredmedia":[{"embeddable":true,"href":"https:\/\/envasesfarmaceuticos.com\/es\/wp-json\/wp\/v2\/media\/3569"}],"wp:attachment":[{"href":"https:\/\/envasesfarmaceuticos.com\/es\/wp-json\/wp\/v2\/media?parent=3574"}],"wp:term":[{"taxonomy":"product_brand","embeddable":true,"href":"https:\/\/envasesfarmaceuticos.com\/es\/wp-json\/wp\/v2\/product_brand?post=3574"},{"taxonomy":"product_cat","embeddable":true,"href":"https:\/\/envasesfarmaceuticos.com\/es\/wp-json\/wp\/v2\/product_cat?post=3574"},{"taxonomy":"product_tag","embeddable":true,"href":"https:\/\/envasesfarmaceuticos.com\/es\/wp-json\/wp\/v2\/product_tag?post=3574"}],"curies":[{"name":"wp","href":"https:\/\/api.w.org\/{rel}","templated":true}]}}