{"id":3817,"date":"2025-11-17T13:33:45","date_gmt":"2025-11-17T12:33:45","guid":{"rendered":"https:\/\/envasesfarmaceuticos.com\/?post_type=product&#038;p=3817"},"modified":"2025-11-17T13:41:16","modified_gmt":"2025-11-17T12:41:16","slug":"bomba-polvoritzadora-24-410-alumini-plata","status":"publish","type":"product","link":"https:\/\/envasesfarmaceuticos.com\/es\/product\/bomba-polvoritzadora-24-410-alumini-plata\/","title":{"rendered":"BOMBA PULVERIZADORA 24\/410 ALUMINIO PLATA"},"content":{"rendered":"<p>Apto para uso cosm\u00e9tico. Bomba pulverizadora para soluciones l\u00edquidas, sprays para maquillaje, t\u00f3nicos faciales, productos capilares, sprays hidratantes, protectores solares, aceites en spray, sprays corporales, tratamientos cosm\u00e9ticos y fragancias, entre otros.<\/p>","protected":false},"excerpt":{"rendered":"<p>Bomba pulverizadora rosca 24\/410 aluminio color plata.<\/p>","protected":false},"featured_media":3819,"template":"","meta":{"om_disable_all_campaigns":false,"_monsterinsights_skip_tracking":false,"_monsterinsights_sitenote_active":false,"_monsterinsights_sitenote_note":"","_monsterinsights_sitenote_category":0,"_uf_show_specific_survey":0,"_uf_disable_surveys":false,"neve_meta_sidebar":"","neve_meta_container":"","neve_meta_enable_content_width":"off","neve_meta_content_width":100,"neve_meta_title_alignment":"","neve_meta_author_avatar":"","neve_post_elements_order":"","neve_meta_disable_header":"","neve_meta_disable_footer":"","neve_meta_disable_title":""},"product_brand":[],"product_cat":[215],"product_tag":[],"class_list":{"0":"post-3817","1":"product","2":"type-product","3":"status-publish","4":"has-post-thumbnail","6":"product_cat-bombes","8":"first","9":"instock","10":"shipping-taxable","11":"product-type-variable"},"acf":[],"aioseo_notices":[],"_links":{"self":[{"href":"https:\/\/envasesfarmaceuticos.com\/es\/wp-json\/wp\/v2\/product\/3817","targetHints":{"allow":["GET"]}}],"collection":[{"href":"https:\/\/envasesfarmaceuticos.com\/es\/wp-json\/wp\/v2\/product"}],"about":[{"href":"https:\/\/envasesfarmaceuticos.com\/es\/wp-json\/wp\/v2\/types\/product"}],"wp:featuredmedia":[{"embeddable":true,"href":"https:\/\/envasesfarmaceuticos.com\/es\/wp-json\/wp\/v2\/media\/3819"}],"wp:attachment":[{"href":"https:\/\/envasesfarmaceuticos.com\/es\/wp-json\/wp\/v2\/media?parent=3817"}],"wp:term":[{"taxonomy":"product_brand","embeddable":true,"href":"https:\/\/envasesfarmaceuticos.com\/es\/wp-json\/wp\/v2\/product_brand?post=3817"},{"taxonomy":"product_cat","embeddable":true,"href":"https:\/\/envasesfarmaceuticos.com\/es\/wp-json\/wp\/v2\/product_cat?post=3817"},{"taxonomy":"product_tag","embeddable":true,"href":"https:\/\/envasesfarmaceuticos.com\/es\/wp-json\/wp\/v2\/product_tag?post=3817"}],"curies":[{"name":"wp","href":"https:\/\/api.w.org\/{rel}","templated":true}]}}