{"id":4163,"date":"2026-02-11T11:18:45","date_gmt":"2026-02-11T10:18:45","guid":{"rendered":"https:\/\/envasesfarmaceuticos.com\/?post_type=product&#038;p=4163"},"modified":"2026-02-11T11:29:52","modified_gmt":"2026-02-11T10:29:52","slug":"vial-pet-25ml-ambar","status":"publish","type":"product","link":"https:\/\/envasesfarmaceuticos.com\/es\/product\/vial-pet-25ml-ambar\/","title":{"rendered":"VIAL PEQUE 25ML \u00c1MBAR"},"content":{"rendered":"<p>Apto para diversos usos cosm\u00e9ticos y nutrac\u00e9uticos. Vial pitillo 25ml PET monodosis utilizado para shots bevibles de complementos l\u00edquidos (vitaminas, col\u00e1geno, minerales, etc), polvo o granulados de suplementos (electrolitos o probi\u00f3ticos), monodosis para tratamientos cosm\u00e9ticos y nutrac\u00e9uticos, muestras de cremas, sueros, aceites y lociones<span class=\"a_GcMg font-feature-liga-off font-feature-clig-off font-feature-calt-off text-decoration-none text-strikethrough-none\">arops y preparados l\u00edquidos, entre otros.<\/span><\/p>","protected":false},"excerpt":{"rendered":"<p>Vial pitillo PET 25ml monodosis. Color topacin. Cuello rosco 18mm. Conjunto con tap\u00f3n solidario.<\/p>\n<p>&nbsp;<\/p>","protected":false},"featured_media":4147,"template":"","meta":{"om_disable_all_campaigns":false,"_monsterinsights_skip_tracking":false,"_monsterinsights_sitenote_active":false,"_monsterinsights_sitenote_note":"","_monsterinsights_sitenote_category":0,"_uf_show_specific_survey":0,"_uf_disable_surveys":false,"neve_meta_sidebar":"","neve_meta_container":"","neve_meta_enable_content_width":"off","neve_meta_content_width":100,"neve_meta_title_alignment":"","neve_meta_author_avatar":"","neve_post_elements_order":"","neve_meta_disable_header":"","neve_meta_disable_footer":"","neve_meta_disable_title":""},"product_brand":[],"product_cat":[65],"product_tag":[],"class_list":{"0":"post-4163","1":"product","2":"type-product","3":"status-publish","4":"has-post-thumbnail","6":"product_cat-botellas","8":"first","9":"instock","10":"shipping-taxable","11":"product-type-variable"},"acf":[],"aioseo_notices":[],"_links":{"self":[{"href":"https:\/\/envasesfarmaceuticos.com\/es\/wp-json\/wp\/v2\/product\/4163","targetHints":{"allow":["GET"]}}],"collection":[{"href":"https:\/\/envasesfarmaceuticos.com\/es\/wp-json\/wp\/v2\/product"}],"about":[{"href":"https:\/\/envasesfarmaceuticos.com\/es\/wp-json\/wp\/v2\/types\/product"}],"wp:featuredmedia":[{"embeddable":true,"href":"https:\/\/envasesfarmaceuticos.com\/es\/wp-json\/wp\/v2\/media\/4147"}],"wp:attachment":[{"href":"https:\/\/envasesfarmaceuticos.com\/es\/wp-json\/wp\/v2\/media?parent=4163"}],"wp:term":[{"taxonomy":"product_brand","embeddable":true,"href":"https:\/\/envasesfarmaceuticos.com\/es\/wp-json\/wp\/v2\/product_brand?post=4163"},{"taxonomy":"product_cat","embeddable":true,"href":"https:\/\/envasesfarmaceuticos.com\/es\/wp-json\/wp\/v2\/product_cat?post=4163"},{"taxonomy":"product_tag","embeddable":true,"href":"https:\/\/envasesfarmaceuticos.com\/es\/wp-json\/wp\/v2\/product_tag?post=4163"}],"curies":[{"name":"wp","href":"https:\/\/api.w.org\/{rel}","templated":true}]}}