{"id":4227,"date":"2026-03-03T11:31:44","date_gmt":"2026-03-03T10:31:44","guid":{"rendered":"https:\/\/envasesfarmaceuticos.com\/?post_type=product&#038;p=4227"},"modified":"2026-03-03T11:45:44","modified_gmt":"2026-03-03T10:45:44","slug":"tap-alumini-rose-gold-38-400","status":"publish","type":"product","link":"https:\/\/envasesfarmaceuticos.com\/es\/product\/tap-alumini-rose-gold-38-400\/","title":{"rendered":"TAP\u00d3N ALUMINIO ROSE GOLD 38\/400"},"content":{"rendered":"<p>Apte per a \u00fas farmac\u00e8utic i cosm\u00e8tic. Tap adequat per a solucions orals, nutrac\u00e8utiques, pastilles, p\u00edldores, gummies, principis actius, solucions capil\u00b7lars, facials i corporals, aix\u00ed com per a mostres de laboratori, entre d\u2019altres.<\/p>","protected":false},"excerpt":{"rendered":"<p>Tap d&#8217;alumini lacat rosca 38\/400 amb liner EPE. Color rose gold. Apte per a vidre i pl\u00e0stic.<\/p>","protected":false},"featured_media":4230,"template":"","meta":{"om_disable_all_campaigns":false,"_monsterinsights_skip_tracking":false,"_monsterinsights_sitenote_active":false,"_monsterinsights_sitenote_note":"","_monsterinsights_sitenote_category":0,"_uf_show_specific_survey":0,"_uf_disable_surveys":false,"neve_meta_sidebar":"","neve_meta_container":"","neve_meta_enable_content_width":"off","neve_meta_content_width":100,"neve_meta_title_alignment":"","neve_meta_author_avatar":"","neve_post_elements_order":"","neve_meta_disable_header":"","neve_meta_disable_footer":"","neve_meta_disable_title":""},"product_brand":[],"product_cat":[66],"product_tag":[],"class_list":{"0":"post-4227","1":"product","2":"type-product","3":"status-publish","4":"has-post-thumbnail","6":"product_cat-tapones","8":"first","9":"instock","10":"shipping-taxable","11":"product-type-variable"},"acf":[],"aioseo_notices":[],"_links":{"self":[{"href":"https:\/\/envasesfarmaceuticos.com\/es\/wp-json\/wp\/v2\/product\/4227","targetHints":{"allow":["GET"]}}],"collection":[{"href":"https:\/\/envasesfarmaceuticos.com\/es\/wp-json\/wp\/v2\/product"}],"about":[{"href":"https:\/\/envasesfarmaceuticos.com\/es\/wp-json\/wp\/v2\/types\/product"}],"wp:featuredmedia":[{"embeddable":true,"href":"https:\/\/envasesfarmaceuticos.com\/es\/wp-json\/wp\/v2\/media\/4230"}],"wp:attachment":[{"href":"https:\/\/envasesfarmaceuticos.com\/es\/wp-json\/wp\/v2\/media?parent=4227"}],"wp:term":[{"taxonomy":"product_brand","embeddable":true,"href":"https:\/\/envasesfarmaceuticos.com\/es\/wp-json\/wp\/v2\/product_brand?post=4227"},{"taxonomy":"product_cat","embeddable":true,"href":"https:\/\/envasesfarmaceuticos.com\/es\/wp-json\/wp\/v2\/product_cat?post=4227"},{"taxonomy":"product_tag","embeddable":true,"href":"https:\/\/envasesfarmaceuticos.com\/es\/wp-json\/wp\/v2\/product_tag?post=4227"}],"curies":[{"name":"wp","href":"https:\/\/api.w.org\/{rel}","templated":true}]}}