{"id":4288,"date":"2026-03-31T15:20:20","date_gmt":"2026-03-31T13:20:20","guid":{"rendered":"https:\/\/envasesfarmaceuticos.com\/?post_type=product&#038;p=4288"},"modified":"2026-03-31T15:24:16","modified_gmt":"2026-03-31T13:24:16","slug":"ampolla-30ml-pet-pilfer-28","status":"publish","type":"product","link":"https:\/\/envasesfarmaceuticos.com\/es\/product\/ampolla-30ml-pet-pilfer-28\/","title":{"rendered":"BOTELLA 30ml PET PILFER 28"},"content":{"rendered":"<p>Apto para uso farmac\u00e9utico y cosm\u00e9tico. Botella utilizado para soluciones orales, jarabes, f\u00f3rmulas magistrales, principios activos, soluciones capilares, faciales y corporales; sueros, concentrados y muestras de laboratorio, entre otros.<\/p>","protected":false},"excerpt":{"rendered":"<p>Botella de PET, apto para uso farmac\u00e9utico y cosm\u00e9tico. Capacidad de 30ml. Boca rosca de 28mm de di\u00e1metro.<\/p>\n<p>&nbsp;<\/p>","protected":false},"featured_media":4264,"template":"","meta":{"om_disable_all_campaigns":false,"_monsterinsights_skip_tracking":false,"_monsterinsights_sitenote_active":false,"_monsterinsights_sitenote_note":"","_monsterinsights_sitenote_category":0,"_uf_show_specific_survey":0,"_uf_disable_surveys":false,"neve_meta_sidebar":"","neve_meta_container":"","neve_meta_enable_content_width":"off","neve_meta_content_width":100,"neve_meta_title_alignment":"","neve_meta_author_avatar":"","neve_post_elements_order":"","neve_meta_disable_header":"","neve_meta_disable_footer":"","neve_meta_disable_title":""},"product_brand":[],"product_cat":[65],"product_tag":[],"class_list":{"0":"post-4288","1":"product","2":"type-product","3":"status-publish","4":"has-post-thumbnail","6":"product_cat-botellas","8":"first","9":"instock","10":"shipping-taxable","11":"product-type-variable"},"acf":[],"aioseo_notices":[],"_links":{"self":[{"href":"https:\/\/envasesfarmaceuticos.com\/es\/wp-json\/wp\/v2\/product\/4288","targetHints":{"allow":["GET"]}}],"collection":[{"href":"https:\/\/envasesfarmaceuticos.com\/es\/wp-json\/wp\/v2\/product"}],"about":[{"href":"https:\/\/envasesfarmaceuticos.com\/es\/wp-json\/wp\/v2\/types\/product"}],"wp:featuredmedia":[{"embeddable":true,"href":"https:\/\/envasesfarmaceuticos.com\/es\/wp-json\/wp\/v2\/media\/4264"}],"wp:attachment":[{"href":"https:\/\/envasesfarmaceuticos.com\/es\/wp-json\/wp\/v2\/media?parent=4288"}],"wp:term":[{"taxonomy":"product_brand","embeddable":true,"href":"https:\/\/envasesfarmaceuticos.com\/es\/wp-json\/wp\/v2\/product_brand?post=4288"},{"taxonomy":"product_cat","embeddable":true,"href":"https:\/\/envasesfarmaceuticos.com\/es\/wp-json\/wp\/v2\/product_cat?post=4288"},{"taxonomy":"product_tag","embeddable":true,"href":"https:\/\/envasesfarmaceuticos.com\/es\/wp-json\/wp\/v2\/product_tag?post=4288"}],"curies":[{"name":"wp","href":"https:\/\/api.w.org\/{rel}","templated":true}]}}