{"id":4299,"date":"2026-04-09T11:09:22","date_gmt":"2026-04-09T09:09:22","guid":{"rendered":"https:\/\/envasesfarmaceuticos.com\/?post_type=product&#038;p=4299"},"modified":"2026-04-09T11:13:02","modified_gmt":"2026-04-09T09:13:02","slug":"ampolla-125ml-pet-pilfer-28","status":"publish","type":"product","link":"https:\/\/envasesfarmaceuticos.com\/es\/product\/ampolla-125ml-pet-pilfer-28\/","title":{"rendered":"BOTELLA 125ml PET PILFER 28"},"content":{"rendered":"<p>Apto para uso farmac\u00e9utico y cosm\u00e9tico. Botella utilizado para soluciones orales, jarabes, f\u00f3rmulas magistrales, principios activos, soluciones capilares, faciales y corporales; sueros, concentrados y muestras de laboratorio, entre otros.<\/p>","protected":false},"excerpt":{"rendered":"<p>Ampolla de PET, apte per a \u00fas farmac\u00e8utic i cosm\u00e8tic. Capacitat de 125ml. Boca rosca de 28mm de di\u00e0metre.<\/p>\n<p>&nbsp;<\/p>","protected":false},"featured_media":4273,"template":"","meta":{"om_disable_all_campaigns":false,"_monsterinsights_skip_tracking":false,"_monsterinsights_sitenote_active":false,"_monsterinsights_sitenote_note":"","_monsterinsights_sitenote_category":0,"_uf_show_specific_survey":0,"_uf_disable_surveys":false,"neve_meta_sidebar":"","neve_meta_container":"","neve_meta_enable_content_width":"off","neve_meta_content_width":100,"neve_meta_title_alignment":"","neve_meta_author_avatar":"","neve_post_elements_order":"","neve_meta_disable_header":"","neve_meta_disable_footer":"","neve_meta_disable_title":""},"product_brand":[],"product_cat":[65],"product_tag":[],"class_list":{"0":"post-4299","1":"product","2":"type-product","3":"status-publish","4":"has-post-thumbnail","6":"product_cat-botellas","8":"first","9":"instock","10":"shipping-taxable","11":"product-type-variable"},"acf":[],"aioseo_notices":[],"_links":{"self":[{"href":"https:\/\/envasesfarmaceuticos.com\/es\/wp-json\/wp\/v2\/product\/4299","targetHints":{"allow":["GET"]}}],"collection":[{"href":"https:\/\/envasesfarmaceuticos.com\/es\/wp-json\/wp\/v2\/product"}],"about":[{"href":"https:\/\/envasesfarmaceuticos.com\/es\/wp-json\/wp\/v2\/types\/product"}],"wp:featuredmedia":[{"embeddable":true,"href":"https:\/\/envasesfarmaceuticos.com\/es\/wp-json\/wp\/v2\/media\/4273"}],"wp:attachment":[{"href":"https:\/\/envasesfarmaceuticos.com\/es\/wp-json\/wp\/v2\/media?parent=4299"}],"wp:term":[{"taxonomy":"product_brand","embeddable":true,"href":"https:\/\/envasesfarmaceuticos.com\/es\/wp-json\/wp\/v2\/product_brand?post=4299"},{"taxonomy":"product_cat","embeddable":true,"href":"https:\/\/envasesfarmaceuticos.com\/es\/wp-json\/wp\/v2\/product_cat?post=4299"},{"taxonomy":"product_tag","embeddable":true,"href":"https:\/\/envasesfarmaceuticos.com\/es\/wp-json\/wp\/v2\/product_tag?post=4299"}],"curies":[{"name":"wp","href":"https:\/\/api.w.org\/{rel}","templated":true}]}}