{"id":588,"date":"2023-10-14T21:30:40","date_gmt":"2023-10-14T21:30:40","guid":{"rendered":"https:\/\/envasesfarmaceuticos.com\/?post_type=product&#038;p=588"},"modified":"2024-05-06T09:17:39","modified_gmt":"2024-05-06T07:17:39","slug":"frasco-de-molde-100ml-b-antibiotico-cuello-20-mm-ambar","status":"publish","type":"product","link":"https:\/\/envasesfarmaceuticos.com\/es\/product\/frasco-de-molde-100ml-b-antibiotico-cuello-20-mm-ambar\/","title":{"rendered":"VIAL 100ml BOCA 20mm TOPACIO"},"content":{"rendered":"<p>Vial apto para uso farmac\u00e9utico y cosm\u00e9tico, para soluciones orales y\/o inyectables, adem\u00e1s de tratamientos oft\u00e1lmicos, \u00f3ticos, homeop\u00e1ticos, preparaciones acuosas \u00e1cidas y neutras, sean de uso parental o no. Se trata de una tipolog\u00eda de material con resistencia hidrol\u00edtica.<\/p>","protected":false},"excerpt":{"rendered":"<p>Vial de vidrio de molde tipo II de 100ml. Color \u00e1mbar. Material con resistencia hidrol\u00edtica.<\/p>","protected":false},"featured_media":1827,"template":"","meta":{"om_disable_all_campaigns":false,"_monsterinsights_skip_tracking":false,"_monsterinsights_sitenote_active":false,"_monsterinsights_sitenote_note":"","_monsterinsights_sitenote_category":0,"_uf_show_specific_survey":0,"_uf_disable_surveys":false,"neve_meta_sidebar":"","neve_meta_container":"","neve_meta_enable_content_width":"off","neve_meta_content_width":100,"neve_meta_title_alignment":"","neve_meta_author_avatar":"","neve_post_elements_order":"","neve_meta_disable_header":"","neve_meta_disable_footer":"","neve_meta_disable_title":""},"product_brand":[],"product_cat":[67],"product_tag":[],"class_list":{"0":"post-588","1":"product","2":"type-product","3":"status-publish","4":"has-post-thumbnail","6":"product_cat-viales-y-ampollas","8":"first","9":"instock","10":"shipping-taxable","11":"product-type-variable"},"acf":[],"aioseo_notices":[],"_links":{"self":[{"href":"https:\/\/envasesfarmaceuticos.com\/es\/wp-json\/wp\/v2\/product\/588","targetHints":{"allow":["GET"]}}],"collection":[{"href":"https:\/\/envasesfarmaceuticos.com\/es\/wp-json\/wp\/v2\/product"}],"about":[{"href":"https:\/\/envasesfarmaceuticos.com\/es\/wp-json\/wp\/v2\/types\/product"}],"wp:featuredmedia":[{"embeddable":true,"href":"https:\/\/envasesfarmaceuticos.com\/es\/wp-json\/wp\/v2\/media\/1827"}],"wp:attachment":[{"href":"https:\/\/envasesfarmaceuticos.com\/es\/wp-json\/wp\/v2\/media?parent=588"}],"wp:term":[{"taxonomy":"product_brand","embeddable":true,"href":"https:\/\/envasesfarmaceuticos.com\/es\/wp-json\/wp\/v2\/product_brand?post=588"},{"taxonomy":"product_cat","embeddable":true,"href":"https:\/\/envasesfarmaceuticos.com\/es\/wp-json\/wp\/v2\/product_cat?post=588"},{"taxonomy":"product_tag","embeddable":true,"href":"https:\/\/envasesfarmaceuticos.com\/es\/wp-json\/wp\/v2\/product_tag?post=588"}],"curies":[{"name":"wp","href":"https:\/\/api.w.org\/{rel}","templated":true}]}}