{"id":646,"date":"2023-10-14T21:44:51","date_gmt":"2023-10-14T21:44:51","guid":{"rendered":"https:\/\/envasesfarmaceuticos.com\/?post_type=product&#038;p=646"},"modified":"2025-04-16T13:13:28","modified_gmt":"2025-04-16T11:13:28","slug":"capsula-de-aluminio-flip-off-20mm-azul","status":"publish","type":"product","link":"https:\/\/envasesfarmaceuticos.com\/es\/product\/capsula-de-aluminio-flip-off-20mm-azul\/","title":{"rendered":"C\u00c1PSULA ALUMINIO FLIP OFF 20mm AZUL"},"content":{"rendered":"<p>Apto para uso farmac\u00e9utico y cosm\u00e9tico. C\u00e1psula para soluciones inyectables y jeringuillas, soluciones l\u00edquidas y semil\u00edquidas, ya sean subcut\u00e1neas, intravenosas o v\u00eda parental.<\/p>","protected":false},"excerpt":{"rendered":"<p>C\u00e1psula de aluminio para frascos de boca 20mm. Color azul. Se caracteriza por la seguridad durante la perforaci\u00f3n del propio frasco.<\/p>","protected":false},"featured_media":1777,"template":"","meta":{"om_disable_all_campaigns":false,"_monsterinsights_skip_tracking":false,"_monsterinsights_sitenote_active":false,"_monsterinsights_sitenote_note":"","_monsterinsights_sitenote_category":0,"_uf_show_specific_survey":0,"_uf_disable_surveys":false,"neve_meta_sidebar":"","neve_meta_container":"","neve_meta_enable_content_width":"off","neve_meta_content_width":100,"neve_meta_title_alignment":"","neve_meta_author_avatar":"","neve_post_elements_order":"","neve_meta_disable_header":"","neve_meta_disable_footer":"","neve_meta_disable_title":""},"product_brand":[],"product_cat":[66],"product_tag":[],"class_list":{"0":"post-646","1":"product","2":"type-product","3":"status-publish","4":"has-post-thumbnail","6":"product_cat-tapones","8":"first","9":"instock","10":"shipping-taxable","11":"product-type-variable"},"acf":[],"aioseo_notices":[],"_links":{"self":[{"href":"https:\/\/envasesfarmaceuticos.com\/es\/wp-json\/wp\/v2\/product\/646","targetHints":{"allow":["GET"]}}],"collection":[{"href":"https:\/\/envasesfarmaceuticos.com\/es\/wp-json\/wp\/v2\/product"}],"about":[{"href":"https:\/\/envasesfarmaceuticos.com\/es\/wp-json\/wp\/v2\/types\/product"}],"wp:featuredmedia":[{"embeddable":true,"href":"https:\/\/envasesfarmaceuticos.com\/es\/wp-json\/wp\/v2\/media\/1777"}],"wp:attachment":[{"href":"https:\/\/envasesfarmaceuticos.com\/es\/wp-json\/wp\/v2\/media?parent=646"}],"wp:term":[{"taxonomy":"product_brand","embeddable":true,"href":"https:\/\/envasesfarmaceuticos.com\/es\/wp-json\/wp\/v2\/product_brand?post=646"},{"taxonomy":"product_cat","embeddable":true,"href":"https:\/\/envasesfarmaceuticos.com\/es\/wp-json\/wp\/v2\/product_cat?post=646"},{"taxonomy":"product_tag","embeddable":true,"href":"https:\/\/envasesfarmaceuticos.com\/es\/wp-json\/wp\/v2\/product_tag?post=646"}],"curies":[{"name":"wp","href":"https:\/\/api.w.org\/{rel}","templated":true}]}}